{"id":989,"date":"2024-01-27T19:03:41","date_gmt":"2024-01-28T00:03:41","guid":{"rendered":"https:\/\/imsecuador.com\/?post_type=product&#038;p=989"},"modified":"2024-03-10T13:48:44","modified_gmt":"2024-03-10T18:48:44","slug":"receptor-gmdss-navtex","status":"publish","type":"product","link":"https:\/\/imsecuador.com\/?product=receptor-gmdss-navtex","title":{"rendered":"RECEPTOR GMDSS NAVTEX"},"content":{"rendered":"<div class=\"com-info-title\">\n<h4>Descripci\u00f3n del producto<\/h4>\n<\/div>\n<div class=\"prodDetailDesc\">\n<p>Receptor NAVTEX con certificador CCS, cumple con el est\u00e1ndar OMI, GMDSS<\/p>\n<p>RECEPTOR GMDSS NAVEX HX2600<\/p>\n<p>ANT de campo H<\/p>\n<p>518 KHz , 490 KHz , 4209,5 KHZ , 486 KHz , 4 s<\/p>\n<p>Certificador CCS.<\/p>\n<p>IEC-61097-6<\/p>\n<p>IEC-60945 (2002)<\/p>\n<p>&nbsp;<\/p>\n<p><strong>Especificaci\u00f3n:<\/strong><\/p>\n<p>1. Frecuencia de recepci\u00f3n: 518 KHz, 490 KHz, 486 KHz y 4209,5 KHz.<\/p>\n<p>2. Puede recibir canales:<br \/>\nDoble canal (es decir, un receptor que funciona en el canal de 518 KHz y los otros receptores en el interruptor de 490 KHz \/ 486 KHz \/ 4209.5 KHz entre)<\/p>\n<p>3. Sensibilidad:<br \/>\nNivel de se\u00f1al \u00fatil a -107dBm, la tasa de error de bits de menos del 1% de la tasa de error en chino e ingl\u00e9s de menos del 4%.<\/p>\n<p>4. Rendimiento selectivo anti-interferencia: Relaci\u00f3n de rechazo de bloqueo:<br \/>\nde acuerdo con los est\u00e1ndares IEC61097-6 para la frecuencia de interferencia de se\u00f1al fuerte, reciba informaci\u00f3n \u00fatil Tasa de error de no menos del 1% en chino e ingl\u00e9s tasa de error de menos del 4%.<\/p>\n<p>5. Protecci\u00f3n de la antena:<br \/>\nen la se\u00f1al de antena sin amplitud de modulaci\u00f3n emf30V Rango de frecuencia de 100KHz ~ 28MHz, 15 minutos despu\u00e9s de que el dispositivo todav\u00eda funciona correctamente.<\/p>\n<p>6. Especificaciones del monitor: pantalla a color de 7 pulgadas<\/p>\n<p>7. Funci\u00f3n de almacenamiento de informaci\u00f3n:<br \/>\npuede almacenar 200 mensajes, con un promedio de 500 caracteres cada mensaje, el tiempo de almacenamiento de 60 a 72 horas. La informaci\u00f3n de la etiqueta se puede almacenar de forma permanente y no se puede eliminar manualmente.<\/p>\n<p>8. Interfaz externa: una interfaz INS, una interfaz de salida de impresi\u00f3n, una interfaz USB.<\/p>\n<p>9. Se puede configurar el tipo de impresi\u00f3n t\u00e9rmica SII-DPU-414, el formato de salida RS-232interfaces el\u00e9ctricas<\/p>\n<p>10. Haga sonar la alarma: el volumen de no menos de 75 dBA ~ 85 dBA.<\/p>\n<p>11. Fuente de alimentaci\u00f3n: 12VDC ~ 36VDC<\/p>\n<p>12. Peso: 1135 g<\/p>\n<p>13. Las condiciones t\u00e9cnicas de la base jur\u00eddica: Resoluci\u00f3n de la OMI MSC148 (77), IEC 61097-6, IEC 60945 (2002).<\/p>\n<p>&nbsp;<\/p>\n<p><strong>Caracter\u00edstica:<\/strong><\/p>\n<p>ID Bl estaci\u00f3n costera a trav\u00e9s de la elecci\u00f3n de la cr\u00eda de animales y no rechaza autom\u00e1ticamente la informaci\u00f3n del mensaje.<\/p>\n<p>A trav\u00e9s del ID del tipo de mensaje de la opci\u00f3n B2 ciertos tipos de paquetes no se mostrar\u00e1n, imprimir\u00e1n o enviar\u00e1n a la interfaz INS, sino el tipo A, B, D, L, excepto el mensaje.<\/p>\n<p>Un procesador de se\u00f1al, pantalla LCD, interfaces INS, protecci\u00f3n de antena, almacenamiento de informaci\u00f3n, como si la funci\u00f3n de auto prueba funciona correctamente.<\/p>\n<p>Al menos cada pantalla de l\u00ednea puede mostrar 47 caracteres, al menos 12 filas de texto de visualizaci\u00f3n de informaci\u00f3n.<\/p>\n<p>Reciba una visualizaci\u00f3n clara del s\u00edmbolo \u00ab*\u00bb de los caracteres.<\/p>\n<p>Al menos cada receptor puede almacenar de manera estable 200 de longitud media de 500 caracteres de informaci\u00f3n.<\/p>\n<p>8000 puede almacenar la longitud de caracteres individuales de informaci\u00f3n.<\/p>\n<p>Cada receptor 200 puede almacenar informaci\u00f3n dentro de la etiqueta de identificaci\u00f3n.<\/p>\n<p>Para evitar que se visualicen o almacenen correctamente los paquetes de informaci\u00f3n recibidos.<\/p>\n<p>La informaci\u00f3n recibida despu\u00e9s de 60-72 horas, se borra autom\u00e1ticamente de la memoria. Si el receptor A m\u00e1s informaci\u00f3n que la capacidad de almacenamiento, la primera de la informaci\u00f3n se borra autom\u00e1ticamente.<\/p>\n<p>Cuando la tasa de error es superior al 33%, el receptor no almacena ni muestra la informaci\u00f3n del mensaje ni la identificaci\u00f3n de la informaci\u00f3n.<\/p>\n<p>La informaci\u00f3n del c\u00f3digo de memoria del dispositivo no ser\u00e1 de seis horas de interrupci\u00f3n del suministro de energ\u00eda<\/p>\n<\/div>\n","protected":false},"excerpt":{"rendered":"<p>Descripci\u00f3n del producto Receptor NAVTEX con certificador CCS, cumple con el est\u00e1ndar OMI, GMDSS RECEPTOR GMDSS NAVEX HX2600 ANT de campo H 518 KHz , 490 KHz , 4209,5 KHZ , 486 KHz , 4 s Certificador CCS. IEC-61097-6 IEC-60945 (2002) &nbsp; Especificaci\u00f3n: 1. Frecuencia de recepci\u00f3n: 518 KHz, 490 KHz, 486 KHz y 4209,5 [&hellip;]<\/p>\n","protected":false},"featured_media":1140,"template":"","meta":{"_joinchat":[]},"product_cat":[32],"product_tag":[],"featured_image_urls":{"full":["https:\/\/imsecuador.com\/wp-content\/uploads\/2024\/01\/RECEPTOR-GMDSS-NAVTEX-1.jpg",800,1067,false],"thumbnail":["https:\/\/imsecuador.com\/wp-content\/uploads\/2024\/01\/RECEPTOR-GMDSS-NAVTEX-1-150x150.jpg",150,150,true],"medium":["https:\/\/imsecuador.com\/wp-content\/uploads\/2024\/01\/RECEPTOR-GMDSS-NAVTEX-1-225x300.jpg",225,300,true],"medium_large":["https:\/\/imsecuador.com\/wp-content\/uploads\/2024\/01\/RECEPTOR-GMDSS-NAVTEX-1-768x1024.jpg",768,1024,true],"large":["https:\/\/imsecuador.com\/wp-content\/uploads\/2024\/01\/RECEPTOR-GMDSS-NAVTEX-1-768x1024.jpg",768,1024,true],"1536x1536":["https:\/\/imsecuador.com\/wp-content\/uploads\/2024\/01\/RECEPTOR-GMDSS-NAVTEX-1.jpg",800,1067,false],"2048x2048":["https:\/\/imsecuador.com\/wp-content\/uploads\/2024\/01\/RECEPTOR-GMDSS-NAVTEX-1.jpg",800,1067,false],"woocommerce_archive_thumbnail":["https:\/\/imsecuador.com\/wp-content\/uploads\/2024\/01\/RECEPTOR-GMDSS-NAVTEX-1-300x400.jpg",300,400,true],"woocommerce_thumbnail":["https:\/\/imsecuador.com\/wp-content\/uploads\/2024\/01\/RECEPTOR-GMDSS-NAVTEX-1-300x300.jpg",300,300,true],"woocommerce_single":["https:\/\/imsecuador.com\/wp-content\/uploads\/2024\/01\/RECEPTOR-GMDSS-NAVTEX-1-600x800.jpg",600,800,true],"woocommerce_gallery_thumbnail":["https:\/\/imsecuador.com\/wp-content\/uploads\/2024\/01\/RECEPTOR-GMDSS-NAVTEX-1-100x100.jpg",100,100,true]},"post_excerpt_stackable":"<p>Descripci\u00f3n del producto Receptor NAVTEX con certificador CCS, cumple con el est\u00e1ndar OMI, GMDSS RECEPTOR GMDSS NAVEX HX2600 ANT de campo H 518 KHz , 490 KHz , 4209,5 KHZ , 486 KHz , 4 s Certificador CCS. IEC-61097-6 IEC-60945 (2002) &nbsp; Especificaci\u00f3n: 1. Frecuencia de recepci\u00f3n: 518 KHz, 490 KHz, 486 KHz y 4209,5 KHz. 2. Puede recibir canales: Doble canal (es decir, un receptor que funciona en el canal de 518 KHz y los otros receptores en el interruptor de 490 KHz \/ 486 KHz \/ 4209.5 KHz entre) 3. Sensibilidad: Nivel de se\u00f1al \u00fatil a -107dBm, la&hellip;<\/p>\n","category_list":"","author_info":{"name":"","url":""},"comments_num":"0 comentarios","_links":{"self":[{"href":"https:\/\/imsecuador.com\/index.php?rest_route=\/wp\/v2\/product\/989"}],"collection":[{"href":"https:\/\/imsecuador.com\/index.php?rest_route=\/wp\/v2\/product"}],"about":[{"href":"https:\/\/imsecuador.com\/index.php?rest_route=\/wp\/v2\/types\/product"}],"wp:featuredmedia":[{"embeddable":true,"href":"https:\/\/imsecuador.com\/index.php?rest_route=\/wp\/v2\/media\/1140"}],"wp:attachment":[{"href":"https:\/\/imsecuador.com\/index.php?rest_route=%2Fwp%2Fv2%2Fmedia&parent=989"}],"wp:term":[{"taxonomy":"product_cat","embeddable":true,"href":"https:\/\/imsecuador.com\/index.php?rest_route=%2Fwp%2Fv2%2Fproduct_cat&post=989"},{"taxonomy":"product_tag","embeddable":true,"href":"https:\/\/imsecuador.com\/index.php?rest_route=%2Fwp%2Fv2%2Fproduct_tag&post=989"}],"curies":[{"name":"wp","href":"https:\/\/api.w.org\/{rel}","templated":true}]}}