{"id":977,"date":"2024-01-27T13:54:11","date_gmt":"2024-01-27T18:54:11","guid":{"rendered":"https:\/\/imsecuador.com\/?post_type=product&#038;p=977"},"modified":"2024-03-10T13:42:30","modified_gmt":"2024-03-10T18:42:30","slug":"radio-vhf-marina-gmdss-hx1500","status":"publish","type":"product","link":"https:\/\/imsecuador.com\/?product=radio-vhf-marina-gmdss-hx1500","title":{"rendered":"RADIO VHF MARINA HX1500 PORT\u00c1TIL DE MANO DE 2 V\u00cdAS"},"content":{"rendered":"<div class=\"attribute-item\">\n<div class=\"left\">Tipo: Port\u00e1til<\/div>\n<\/div>\n<div class=\"attribute-item\">\n<div class=\"left\">Rango de conversaci\u00f3n: 5~10KM<\/div>\n<div>\n<div class=\"attribute-item\">\n<div class=\"left\" data-spm-anchor-id=\"a2700.details.0.i86.ab7618cc41mQxn\">Marca: Sealink<\/div>\n<\/div>\n<div class=\"attribute-item\">\n<div class=\"left\">Tipo de walkie talkie: Radio Marine&amp;Car<\/div>\n<\/div>\n<div class=\"attribute-item\">\n<div class=\"right\">N\u00famero de modelo: HX1500<\/div>\n<div class=\"right\">Rango de frecuencia: 156.025~163.275MHZ<\/div>\n<div class=\"right\">Nivel de resistencia al agua:IPX-8<\/div>\n<\/div>\n<div class=\"attribute-item\">\n<div class=\"left\">Color: Amarillo<\/div>\n<\/div>\n<div class=\"attribute-item\">\n<div class=\"left\">Rango de conversaci\u00f3n: 5~10km<\/div>\n<\/div>\n<\/div>\n<\/div>\n","protected":false},"excerpt":{"rendered":"<p>Tipo: Port\u00e1til Rango de conversaci\u00f3n: 5~10KM Marca: Sealink Tipo de walkie talkie: Radio Marine&amp;Car N\u00famero de modelo: HX1500 Rango de frecuencia: 156.025~163.275MHZ Nivel de resistencia al agua:IPX-8 Color: Amarillo Rango de conversaci\u00f3n: 5~10km<\/p>\n","protected":false},"featured_media":1136,"template":"","meta":{"_joinchat":[]},"product_cat":[32],"product_tag":[],"featured_image_urls":{"full":["https:\/\/imsecuador.com\/wp-content\/uploads\/2024\/01\/RADIO-VHF-MARINA-GMDSS-HX1500-CON-CCS.jpg",800,1067,false],"thumbnail":["https:\/\/imsecuador.com\/wp-content\/uploads\/2024\/01\/RADIO-VHF-MARINA-GMDSS-HX1500-CON-CCS-150x150.jpg",150,150,true],"medium":["https:\/\/imsecuador.com\/wp-content\/uploads\/2024\/01\/RADIO-VHF-MARINA-GMDSS-HX1500-CON-CCS-225x300.jpg",225,300,true],"medium_large":["https:\/\/imsecuador.com\/wp-content\/uploads\/2024\/01\/RADIO-VHF-MARINA-GMDSS-HX1500-CON-CCS-768x1024.jpg",768,1024,true],"large":["https:\/\/imsecuador.com\/wp-content\/uploads\/2024\/01\/RADIO-VHF-MARINA-GMDSS-HX1500-CON-CCS-768x1024.jpg",768,1024,true],"1536x1536":["https:\/\/imsecuador.com\/wp-content\/uploads\/2024\/01\/RADIO-VHF-MARINA-GMDSS-HX1500-CON-CCS.jpg",800,1067,false],"2048x2048":["https:\/\/imsecuador.com\/wp-content\/uploads\/2024\/01\/RADIO-VHF-MARINA-GMDSS-HX1500-CON-CCS.jpg",800,1067,false],"woocommerce_archive_thumbnail":["https:\/\/imsecuador.com\/wp-content\/uploads\/2024\/01\/RADIO-VHF-MARINA-GMDSS-HX1500-CON-CCS-300x400.jpg",300,400,true],"woocommerce_thumbnail":["https:\/\/imsecuador.com\/wp-content\/uploads\/2024\/01\/RADIO-VHF-MARINA-GMDSS-HX1500-CON-CCS-300x300.jpg",300,300,true],"woocommerce_single":["https:\/\/imsecuador.com\/wp-content\/uploads\/2024\/01\/RADIO-VHF-MARINA-GMDSS-HX1500-CON-CCS-600x800.jpg",600,800,true],"woocommerce_gallery_thumbnail":["https:\/\/imsecuador.com\/wp-content\/uploads\/2024\/01\/RADIO-VHF-MARINA-GMDSS-HX1500-CON-CCS-100x100.jpg",100,100,true]},"post_excerpt_stackable":"<p>Tipo: Port\u00e1til Rango de conversaci\u00f3n: 5~10KM Marca: Sealink Tipo de walkie talkie: Radio Marine&amp;Car N\u00famero de modelo: HX1500 Rango de frecuencia: 156.025~163.275MHZ Nivel de resistencia al agua:IPX-8 Color: Amarillo Rango de conversaci\u00f3n: 5~10km<\/p>\n","category_list":"","author_info":{"name":"","url":""},"comments_num":"0 comentarios","_links":{"self":[{"href":"https:\/\/imsecuador.com\/index.php?rest_route=\/wp\/v2\/product\/977"}],"collection":[{"href":"https:\/\/imsecuador.com\/index.php?rest_route=\/wp\/v2\/product"}],"about":[{"href":"https:\/\/imsecuador.com\/index.php?rest_route=\/wp\/v2\/types\/product"}],"wp:featuredmedia":[{"embeddable":true,"href":"https:\/\/imsecuador.com\/index.php?rest_route=\/wp\/v2\/media\/1136"}],"wp:attachment":[{"href":"https:\/\/imsecuador.com\/index.php?rest_route=%2Fwp%2Fv2%2Fmedia&parent=977"}],"wp:term":[{"taxonomy":"product_cat","embeddable":true,"href":"https:\/\/imsecuador.com\/index.php?rest_route=%2Fwp%2Fv2%2Fproduct_cat&post=977"},{"taxonomy":"product_tag","embeddable":true,"href":"https:\/\/imsecuador.com\/index.php?rest_route=%2Fwp%2Fv2%2Fproduct_tag&post=977"}],"curies":[{"name":"wp","href":"https:\/\/api.w.org\/{rel}","templated":true}]}}