{"id":975,"date":"2024-01-27T12:52:41","date_gmt":"2024-01-27T17:52:41","guid":{"rendered":"https:\/\/imsecuador.com\/?post_type=product&#038;p=975"},"modified":"2024-03-10T13:46:33","modified_gmt":"2024-03-10T18:46:33","slug":"transpondedor-de-radar-sart","status":"publish","type":"product","link":"https:\/\/imsecuador.com\/?product=transpondedor-de-radar-sart","title":{"rendered":"TRANSPONDEDOR DE RADAR SART"},"content":{"rendered":"<p>&nbsp;<\/p>\n<p>Funci\u00f3n y Prop\u00f3sito:<\/p>\n<ul>\n<li>Es capaz de detectar la acci\u00f3n del pulso a trav\u00e9s del radar de navegaci\u00f3n instalado en un buque de b\u00fasqueda y rescate o en un helic\u00f3ptero. La se\u00f1al del SART puede indicar la posici\u00f3n exacta del SART en la pantalla fluorescente del radar de navegaci\u00f3n del buque de b\u00fasqueda y rescate del helic\u00f3ptero.<\/li>\n<li>El superviviente que sostiene un SART o un barco o embarcaci\u00f3n en peligro en el que est\u00e1 equipado un SART puede descubrir el buque o helic\u00f3ptero de b\u00fasqueda y rescate que se le aproxima.<\/li>\n<\/ul>\n<p>&nbsp;<\/p>\n<p><strong>Indicadores t\u00e9cnicos:<\/strong><\/p>\n<p>\u2022Se\u00f1al:<\/p>\n<p>Rango de frecuencia: 9.200MHz -9.500MHz.<\/p>\n<p>Polarizaci\u00f3n: polarizaci\u00f3n horizontal.<\/p>\n<p>\u2022Antena:<\/p>\n<p>haz horizontal (omnidireccional) &lt;\u00b12dB;<\/p>\n<p>Viga vertical \u00b112,5\u00b0.<\/p>\n<p>\u2022\u00a0Recepci\u00f3n:<\/p>\n<p>Sensibilidad efectiva del receptor (ERS): Mejor que -50 dBm<\/p>\n<p>Tiempo de recuperaci\u00f3n: 10 us o menos<\/p>\n<p>\u2022\u00a0Transmisi\u00f3n:<\/p>\n<p>Forma de barrido: Diente de sierra<\/p>\n<p>Tiempo de barrido hacia adelante: 7.5\u00b11.0us<\/p>\n<p>Tiempo de barrido de retorno: 0.4\u00b10.1us<\/p>\n<p>Se\u00f1al de respuesta: 12 barridos<\/p>\n<p>Potencia (EIRP): No menos de 400 mW (+26 dBm)<\/p>\n<p>Retardo: 0,5 us o menos<\/p>\n<p>\u2022Bater\u00eda:<\/p>\n<p>Tipo\u00a0de\u00a0bater\u00eda: bater\u00eda de litio no recargable<\/p>\n<p>Capacidad: Capaz de 8 horas de funcionamiento despu\u00e9s de 96 horas de espera<\/p>\n<p>Duraci\u00f3n de la bater\u00eda: 5 a\u00f1os despu\u00e9s del env\u00edo<\/p>\n<p>\u2022 Rango de temperatura:<\/p>\n<p>Eban\u00eda: -30\u00b0C -+70\u00b0C.<\/p>\n<p>Duraci\u00f3n: -20\u00b0C -+55\u00b0C.<\/p>\n<p>\u2022\u00a0Caracter\u00edsticas f\u00edsicas (unidad principal):<\/p>\n<p>Tama\u00f1o: 309 mm (H) \u00d7 \u03c688 mm<\/p>\n<p>Peso: Aprox. 600g<\/p>\n","protected":false},"excerpt":{"rendered":"<p>El SART (Transpondedor de Radar para B\u00fasqueda y Rescate) sirve como el dispositivo de posicionamiento en el Sistema Mundial de Socorro y Seguridad Mar\u00edtimos (SMSSM). Sus indicadores de rendimiento cumplen con los est\u00e1ndares internacionales aplicables. Cuenta con derechos de propiedad intelectual independientes y ha sido aprobado por el modelo de la Sociedad de Clasificaci\u00f3n de China (CCS) (n\u00famero de certificado: CQ08T0001).<\/p>\n","protected":false},"featured_media":1139,"template":"","meta":{"_joinchat":[]},"product_cat":[32],"product_tag":[],"featured_image_urls":{"full":["https:\/\/imsecuador.com\/wp-content\/uploads\/2024\/01\/TRANSPONDEDOR-DE-RADAR-SART-CON-CERTIFICADO-CCS-1.jpg",800,1067,false],"thumbnail":["https:\/\/imsecuador.com\/wp-content\/uploads\/2024\/01\/TRANSPONDEDOR-DE-RADAR-SART-CON-CERTIFICADO-CCS-1-150x150.jpg",150,150,true],"medium":["https:\/\/imsecuador.com\/wp-content\/uploads\/2024\/01\/TRANSPONDEDOR-DE-RADAR-SART-CON-CERTIFICADO-CCS-1-225x300.jpg",225,300,true],"medium_large":["https:\/\/imsecuador.com\/wp-content\/uploads\/2024\/01\/TRANSPONDEDOR-DE-RADAR-SART-CON-CERTIFICADO-CCS-1-768x1024.jpg",768,1024,true],"large":["https:\/\/imsecuador.com\/wp-content\/uploads\/2024\/01\/TRANSPONDEDOR-DE-RADAR-SART-CON-CERTIFICADO-CCS-1-768x1024.jpg",768,1024,true],"1536x1536":["https:\/\/imsecuador.com\/wp-content\/uploads\/2024\/01\/TRANSPONDEDOR-DE-RADAR-SART-CON-CERTIFICADO-CCS-1.jpg",800,1067,false],"2048x2048":["https:\/\/imsecuador.com\/wp-content\/uploads\/2024\/01\/TRANSPONDEDOR-DE-RADAR-SART-CON-CERTIFICADO-CCS-1.jpg",800,1067,false],"woocommerce_archive_thumbnail":["https:\/\/imsecuador.com\/wp-content\/uploads\/2024\/01\/TRANSPONDEDOR-DE-RADAR-SART-CON-CERTIFICADO-CCS-1-300x400.jpg",300,400,true],"woocommerce_thumbnail":["https:\/\/imsecuador.com\/wp-content\/uploads\/2024\/01\/TRANSPONDEDOR-DE-RADAR-SART-CON-CERTIFICADO-CCS-1-300x300.jpg",300,300,true],"woocommerce_single":["https:\/\/imsecuador.com\/wp-content\/uploads\/2024\/01\/TRANSPONDEDOR-DE-RADAR-SART-CON-CERTIFICADO-CCS-1-600x800.jpg",600,800,true],"woocommerce_gallery_thumbnail":["https:\/\/imsecuador.com\/wp-content\/uploads\/2024\/01\/TRANSPONDEDOR-DE-RADAR-SART-CON-CERTIFICADO-CCS-1-100x100.jpg",100,100,true]},"post_excerpt_stackable":"<p>El SART (Transpondedor de Radar para B\u00fasqueda y Rescate) sirve como el dispositivo de posicionamiento en el Sistema Mundial de Socorro y Seguridad Mar\u00edtimos (SMSSM). Sus indicadores de rendimiento cumplen con los est\u00e1ndares internacionales aplicables. Cuenta con derechos de propiedad intelectual independientes y ha sido aprobado por el modelo de la Sociedad de Clasificaci\u00f3n de China (CCS) (n\u00famero de certificado: CQ08T0001).<\/p>\n","category_list":"","author_info":{"name":"","url":""},"comments_num":"0 comentarios","_links":{"self":[{"href":"https:\/\/imsecuador.com\/index.php?rest_route=\/wp\/v2\/product\/975"}],"collection":[{"href":"https:\/\/imsecuador.com\/index.php?rest_route=\/wp\/v2\/product"}],"about":[{"href":"https:\/\/imsecuador.com\/index.php?rest_route=\/wp\/v2\/types\/product"}],"wp:featuredmedia":[{"embeddable":true,"href":"https:\/\/imsecuador.com\/index.php?rest_route=\/wp\/v2\/media\/1139"}],"wp:attachment":[{"href":"https:\/\/imsecuador.com\/index.php?rest_route=%2Fwp%2Fv2%2Fmedia&parent=975"}],"wp:term":[{"taxonomy":"product_cat","embeddable":true,"href":"https:\/\/imsecuador.com\/index.php?rest_route=%2Fwp%2Fv2%2Fproduct_cat&post=975"},{"taxonomy":"product_tag","embeddable":true,"href":"https:\/\/imsecuador.com\/index.php?rest_route=%2Fwp%2Fv2%2Fproduct_tag&post=975"}],"curies":[{"name":"wp","href":"https:\/\/api.w.org\/{rel}","templated":true}]}}