{"id":973,"date":"2024-01-27T12:24:39","date_gmt":"2024-01-27T17:24:39","guid":{"rendered":"https:\/\/imsecuador.com\/?post_type=product&#038;p=973"},"modified":"2024-01-27T12:28:49","modified_gmt":"2024-01-27T17:28:49","slug":"guantes-de-extincion-de-incendios-estructurales-pro-tech-8-vision","status":"publish","type":"product","link":"https:\/\/imsecuador.com\/?product=guantes-de-extincion-de-incendios-estructurales-pro-tech-8-vision","title":{"rendered":"GUANTES DE EXTINCI\u00d3N DE INCENDIOS ESTRUCTURALES PRO-TECH 8 VISI\u00d3N"},"content":{"rendered":"<p><strong>DESCRIPCI\u00d3N<\/strong><\/p>\n<p><strong>Caracter\u00edsticas del guante de extinci\u00f3n de incendios estructural Pro-Tech 8 Vision\u2122:<\/strong><\/p>\n<p>El nuevo guante estructural de extinci\u00f3n de incendios Vision\u2122 ofrece la legendaria construcci\u00f3n probada en batalla de Pro-Tech 8 con caracter\u00edsticas adicionales de seguridad y visibilidad, lo que brinda la mejor durabilidad, flexibilidad y protecci\u00f3n de su clase en las condiciones m\u00e1s oscuras y humeantes. El guante Vision\u2122, c\u00f3modo y resistente, est\u00e1 certificado seg\u00fan la norma NFPA 1971-2018 e introduce una banda resistente y prominente que brilla en la oscuridad en la parte posterior de cada guante que permite una visibilidad duradera en entornos con poca luz sin necesidad de luz reflectante exterior.<\/p>\n<p>El guante Vision\u2122 cuenta con una capa exterior resistente al agua de piel de b\u00fafalo de agua FR, una alternativa m\u00e1s fuerte, duradera y flexible a la piel de vaca tradicional. Transpirable y resistente, este dise\u00f1o incorpora nuestra cl\u00e1sica construcci\u00f3n multicapa de Kevlar, Nomex y Modacrylic junto con nuestro sistema de protecci\u00f3n de nudillos de 8 capas l\u00edder en la industria.<\/p>\n<p>Este c\u00f3modo dise\u00f1o ofrece una barrera contra la humedad de PTFE Porelle que cumple con la norma NFPA 1971-2018 y que proporciona la mejor protecci\u00f3n qu\u00edmica y viral al tiempo que mantiene la humedad fuera. Adem\u00e1s, su palma de piel de b\u00fafalo de agua, cosida con hilo de Kevlar de alta explosi\u00f3n, permite un agarre superior, ya sea en seco o mojado.<\/p>\n<p>&nbsp;<\/p>\n<p><strong>Disponibilidad de guantes estructurales de extinci\u00f3n de incendios Pro-Tech 8 Vision\u2122:<\/strong><\/p>\n<p>Los guantes estructurales de extinci\u00f3n de incendios Pro-Tech 8 Vision, certificados seg\u00fan NFPA 1971-2018, est\u00e1n en stock y disponibles para su compra inmediata. Los t\u00e9rminos, los precios de los productos y los requisitos m\u00ednimos de pedido se comunicar\u00e1n a los distribuidores a trav\u00e9s de sus representantes de ventas.<\/p>\n<p>Los guantes de extinci\u00f3n de incendios estructurales Pro-Tech 8 Vision est\u00e1n disponibles en pu\u00f1o corto y cadete en tama\u00f1os de queja de la NFPA: 64N, 70N, 70W, 76N, 76W, 82N, 82W.<\/p>\n<p>&nbsp;<\/p>\n<p><strong>Caracter\u00edsticas de la visi\u00f3n<\/strong><\/p>\n<p>Agarre superior en seco y mojado<\/p>\n<ul>\n<li>La piel de b\u00fafalo de agua y la palma cosida ofrecen un agarre excepcional<\/li>\n<\/ul>\n<p>Destreza mejorada<\/p>\n<ul>\n<li>Las paredes laterales de los dedos cuentan con DuPont\u2122 Kevlar y Nomex<sup>\u00ae<\/sup><sup>\u00ae<\/sup><\/li>\n<\/ul>\n<p>F\u00e1cil Don y Doff<\/p>\n<ul>\n<li>Uso de forro interior modacr\u00edlico y leng\u00fceta de cuero duradero<\/li>\n<\/ul>\n<p>Resiste la extracci\u00f3n<\/p>\n<ul>\n<li>El forro interior est\u00e1 cosido y pegado en cada punta de los dedos para una m\u00e1xima resistencia a la extracci\u00f3n<\/li>\n<\/ul>\n<p>Certificado NFPA 1971-2018<\/p>\n<ul>\n<li>Materiales certificados seg\u00fan NFPA 1971-2018 para protecci\u00f3n contra riesgos de grado profesional<\/li>\n<\/ul>\n","protected":false},"excerpt":{"rendered":"<p>El innovador guante de extinci\u00f3n de incendios Vision\u2122 presenta la reconocida construcci\u00f3n de Pro-Tech 8, probada en situaciones de combate, con caracter\u00edsticas de seguridad y visibilidad adicionales. Este guante ofrece la mejor combinaci\u00f3n de durabilidad, flexibilidad y protecci\u00f3n en su categor\u00eda, especialmente en condiciones oscuras y llenas de humo. El guante Vision\u2122, confortable y resistente, cumple con la certificaci\u00f3n de la norma NFPA 1971-2018. Introduce una banda resistente y destacada en la parte posterior de cada guante, la cual brilla en la oscuridad, proporcionando visibilidad duradera en entornos con poca luz sin depender de fuentes externas de luz reflectante.<\/p>\n","protected":false},"featured_media":974,"template":"","meta":{"_joinchat":[]},"product_cat":[35],"product_tag":[],"featured_image_urls":{"full":["https:\/\/imsecuador.com\/wp-content\/uploads\/2024\/01\/Guantes-de-extincion-de-incendios-estructurales-Pro-Tech-8-Vision.jpg",800,1067,false],"thumbnail":["https:\/\/imsecuador.com\/wp-content\/uploads\/2024\/01\/Guantes-de-extincion-de-incendios-estructurales-Pro-Tech-8-Vision-150x150.jpg",150,150,true],"medium":["https:\/\/imsecuador.com\/wp-content\/uploads\/2024\/01\/Guantes-de-extincion-de-incendios-estructurales-Pro-Tech-8-Vision-225x300.jpg",225,300,true],"medium_large":["https:\/\/imsecuador.com\/wp-content\/uploads\/2024\/01\/Guantes-de-extincion-de-incendios-estructurales-Pro-Tech-8-Vision-768x1024.jpg",768,1024,true],"large":["https:\/\/imsecuador.com\/wp-content\/uploads\/2024\/01\/Guantes-de-extincion-de-incendios-estructurales-Pro-Tech-8-Vision-768x1024.jpg",768,1024,true],"1536x1536":["https:\/\/imsecuador.com\/wp-content\/uploads\/2024\/01\/Guantes-de-extincion-de-incendios-estructurales-Pro-Tech-8-Vision.jpg",800,1067,false],"2048x2048":["https:\/\/imsecuador.com\/wp-content\/uploads\/2024\/01\/Guantes-de-extincion-de-incendios-estructurales-Pro-Tech-8-Vision.jpg",800,1067,false],"woocommerce_archive_thumbnail":["https:\/\/imsecuador.com\/wp-content\/uploads\/2024\/01\/Guantes-de-extincion-de-incendios-estructurales-Pro-Tech-8-Vision-300x400.jpg",300,400,true],"woocommerce_thumbnail":["https:\/\/imsecuador.com\/wp-content\/uploads\/2024\/01\/Guantes-de-extincion-de-incendios-estructurales-Pro-Tech-8-Vision-300x300.jpg",300,300,true],"woocommerce_single":["https:\/\/imsecuador.com\/wp-content\/uploads\/2024\/01\/Guantes-de-extincion-de-incendios-estructurales-Pro-Tech-8-Vision-600x800.jpg",600,800,true],"woocommerce_gallery_thumbnail":["https:\/\/imsecuador.com\/wp-content\/uploads\/2024\/01\/Guantes-de-extincion-de-incendios-estructurales-Pro-Tech-8-Vision-100x100.jpg",100,100,true]},"post_excerpt_stackable":"<p>El innovador guante de extinci\u00f3n de incendios Vision\u2122 presenta la reconocida construcci\u00f3n de Pro-Tech 8, probada en situaciones de combate, con caracter\u00edsticas de seguridad y visibilidad adicionales. Este guante ofrece la mejor combinaci\u00f3n de durabilidad, flexibilidad y protecci\u00f3n en su categor\u00eda, especialmente en condiciones oscuras y llenas de humo. El guante Vision\u2122, confortable y resistente, cumple con la certificaci\u00f3n de la norma NFPA 1971-2018. Introduce una banda resistente y destacada en la parte posterior de cada guante, la cual brilla en la oscuridad, proporcionando visibilidad duradera en entornos con poca luz sin depender de fuentes externas de luz reflectante.<\/p>\n","category_list":"","author_info":{"name":"","url":""},"comments_num":"0 comentarios","_links":{"self":[{"href":"https:\/\/imsecuador.com\/index.php?rest_route=\/wp\/v2\/product\/973"}],"collection":[{"href":"https:\/\/imsecuador.com\/index.php?rest_route=\/wp\/v2\/product"}],"about":[{"href":"https:\/\/imsecuador.com\/index.php?rest_route=\/wp\/v2\/types\/product"}],"wp:featuredmedia":[{"embeddable":true,"href":"https:\/\/imsecuador.com\/index.php?rest_route=\/wp\/v2\/media\/974"}],"wp:attachment":[{"href":"https:\/\/imsecuador.com\/index.php?rest_route=%2Fwp%2Fv2%2Fmedia&parent=973"}],"wp:term":[{"taxonomy":"product_cat","embeddable":true,"href":"https:\/\/imsecuador.com\/index.php?rest_route=%2Fwp%2Fv2%2Fproduct_cat&post=973"},{"taxonomy":"product_tag","embeddable":true,"href":"https:\/\/imsecuador.com\/index.php?rest_route=%2Fwp%2Fv2%2Fproduct_tag&post=973"}],"curies":[{"name":"wp","href":"https:\/\/api.w.org\/{rel}","templated":true}]}}