{"id":970,"date":"2024-01-27T12:04:55","date_gmt":"2024-01-27T17:04:55","guid":{"rendered":"https:\/\/imsecuador.com\/?post_type=product&#038;p=970"},"modified":"2024-01-27T12:53:04","modified_gmt":"2024-01-27T17:53:04","slug":"dispositivo-respiratorio-de-evacuacion-de-emergencia-lalizasescape-15","status":"publish","type":"product","link":"https:\/\/imsecuador.com\/?product=dispositivo-respiratorio-de-evacuacion-de-emergencia-lalizasescape-15","title":{"rendered":"DISPOSITIVO RESPIRATORIO DE EVACUACI\u00d3N DE EMERGENCIA LALIZAS\u00bbESCAPE-15&#8243;"},"content":{"rendered":"<p>CARACTERISTICAS T\u00c9CNICAS<\/p>\n<ul>\n<li><b>Mascarilla:<\/b>\u00a0Capucha integral con m\u00e1scara orinasal: se adapta a todas las personas<\/li>\n<li><b>Duraci\u00f3n del flujo de aire:<\/b>\u00a0Flujo de aire constante durante 15 minutos con suficiente caudal de aire<\/li>\n<li><b>Acceso visual:<\/b>\u00a0F\u00e1cil acceso visual al man\u00f3metro<\/li>\n<li><b>Rango de temperatura de trabajo:<\/b>\u00a0-10 \u00b0C a 65 \u00b0C<\/li>\n<li><b>Recarga de cilindros:<\/b>\u00a0Cilindro f\u00e1cil de rellenar, sin necesidad de adaptador<\/li>\n<li><b>Resistente al ozono:<\/b>\u00a0Sello de cuello no irritante<\/li>\n<li><b>Activaci\u00f3n:<\/b>\u00a0V\u00e1lvula de activaci\u00f3n autom\u00e1tica \u2013 regulador<\/li>\n<li><b>Caracter\u00edsticas de la v\u00e1lvula:<\/b>\u00a0Conector de carga est\u00e1ndar G 5\/8&#8243;F<\/li>\n<li><b>Cerradura de seguridad:<\/b>\u00a0Cerradura de seguridad de la v\u00e1lvula de tracci\u00f3n<\/li>\n<li><b>A prueba de golpes:<\/b> Man\u00f3metro anti-explosi\u00f3n<\/li>\n<\/ul>\n<div class=\"prod_standards\">NORMAS<\/div>\n<p>Aprobaci\u00f3n del cap\u00edtulo II \u2013 2 del Convenio SOLAS y MSC\/Circ.849; dise\u00f1ado para cumplir con \u0395\u039d1146:2005 e ISO 23291-1 (2008)<\/p>\n","protected":false},"excerpt":{"rendered":"<div class=\"flex-1 overflow-hidden\">\n<div class=\"react-scroll-to-bottom--css-siecq-79elbk h-full\">\n<div class=\"react-scroll-to-bottom--css-siecq-1n7m0yu\">\n<div class=\"flex flex-col pb-9 text-sm\">\n<div class=\"w-full text-token-text-primary\" data-testid=\"conversation-turn-9\">\n<div class=\"px-4 py-2 justify-center text-base md:gap-6 m-auto\">\n<div class=\"flex flex-1 text-base mx-auto gap-3 md:px-5 lg:px-1 xl:px-5 md:max-w-3xl lg:max-w-[40rem] xl:max-w-[48rem] group final-completion\">\n<div class=\"relative flex w-full flex-col lg:w-[calc(100%-115px)] agent-turn\">\n<div class=\"flex-col gap-1 md:gap-3\">\n<div class=\"flex flex-grow flex-col max-w-full\">\n<div class=\"min-h-[20px] text-message flex flex-col items-start gap-3 whitespace-pre-wrap break-words [.text-message+&amp;]:mt-5 overflow-x-auto\" data-message-author-role=\"assistant\" data-message-id=\"1fda1d94-eea8-4b1c-8897-b9503c1d0e49\">\n<div class=\"markdown prose w-full break-words dark:prose-invert light\">\n<p>Dispositivo de Respiraci\u00f3n para Evacuaci\u00f3n de Emergencia (EEBD) dise\u00f1ado para evacuar de manera segura entornos con condiciones respiratorias anormales, como humo, fuego, fugas de gas, entre otros.<\/p>\n<p>El dispositivo est\u00e1 fabricado con materiales a prueba de llamas, presenta un color plateado para reflejar el calor y garantizar una alta visibilidad. Su construcci\u00f3n es robusta y confiable, requiriendo un mantenimiento m\u00ednimo.<\/p>\n<p>Incluye una visera amplia y la mascarilla Orinasals, la cual se ajusta a diversos perfiles faciales.<\/p>\n<\/div>\n<\/div>\n<\/div>\n<div class=\"mt-1 flex justify-start gap-3 empty:hidden\">\n<div class=\"text-gray-400 flex self-end lg:self-center justify-center lg:justify-start mt-0 -ml-1 visible\"><\/div>\n<\/div>\n<\/div>\n<\/div>\n<\/div>\n<\/div>\n<\/div>\n<\/div>\n<\/div>\n<\/div>\n<\/div>\n","protected":false},"featured_media":971,"template":"","meta":{"_joinchat":[]},"product_cat":[32],"product_tag":[],"featured_image_urls":{"full":["https:\/\/imsecuador.com\/wp-content\/uploads\/2024\/01\/DISPOSITIVO-RESPIRATORIO-DE-EVACUACION-DE-EMERGENCIA-LALIZAS_ESCAPE-15_.jpg",800,1067,false],"thumbnail":["https:\/\/imsecuador.com\/wp-content\/uploads\/2024\/01\/DISPOSITIVO-RESPIRATORIO-DE-EVACUACION-DE-EMERGENCIA-LALIZAS_ESCAPE-15_-150x150.jpg",150,150,true],"medium":["https:\/\/imsecuador.com\/wp-content\/uploads\/2024\/01\/DISPOSITIVO-RESPIRATORIO-DE-EVACUACION-DE-EMERGENCIA-LALIZAS_ESCAPE-15_-225x300.jpg",225,300,true],"medium_large":["https:\/\/imsecuador.com\/wp-content\/uploads\/2024\/01\/DISPOSITIVO-RESPIRATORIO-DE-EVACUACION-DE-EMERGENCIA-LALIZAS_ESCAPE-15_-768x1024.jpg",768,1024,true],"large":["https:\/\/imsecuador.com\/wp-content\/uploads\/2024\/01\/DISPOSITIVO-RESPIRATORIO-DE-EVACUACION-DE-EMERGENCIA-LALIZAS_ESCAPE-15_-768x1024.jpg",768,1024,true],"1536x1536":["https:\/\/imsecuador.com\/wp-content\/uploads\/2024\/01\/DISPOSITIVO-RESPIRATORIO-DE-EVACUACION-DE-EMERGENCIA-LALIZAS_ESCAPE-15_.jpg",800,1067,false],"2048x2048":["https:\/\/imsecuador.com\/wp-content\/uploads\/2024\/01\/DISPOSITIVO-RESPIRATORIO-DE-EVACUACION-DE-EMERGENCIA-LALIZAS_ESCAPE-15_.jpg",800,1067,false],"woocommerce_archive_thumbnail":["https:\/\/imsecuador.com\/wp-content\/uploads\/2024\/01\/DISPOSITIVO-RESPIRATORIO-DE-EVACUACION-DE-EMERGENCIA-LALIZAS_ESCAPE-15_-300x400.jpg",300,400,true],"woocommerce_thumbnail":["https:\/\/imsecuador.com\/wp-content\/uploads\/2024\/01\/DISPOSITIVO-RESPIRATORIO-DE-EVACUACION-DE-EMERGENCIA-LALIZAS_ESCAPE-15_-300x300.jpg",300,300,true],"woocommerce_single":["https:\/\/imsecuador.com\/wp-content\/uploads\/2024\/01\/DISPOSITIVO-RESPIRATORIO-DE-EVACUACION-DE-EMERGENCIA-LALIZAS_ESCAPE-15_-600x800.jpg",600,800,true],"woocommerce_gallery_thumbnail":["https:\/\/imsecuador.com\/wp-content\/uploads\/2024\/01\/DISPOSITIVO-RESPIRATORIO-DE-EVACUACION-DE-EMERGENCIA-LALIZAS_ESCAPE-15_-100x100.jpg",100,100,true]},"post_excerpt_stackable":"<div class=\"flex-1 overflow-hidden\">\n<div class=\"react-scroll-to-bottom--css-siecq-79elbk h-full\">\n<div class=\"react-scroll-to-bottom--css-siecq-1n7m0yu\">\n<div class=\"flex flex-col pb-9 text-sm\">\n<div class=\"w-full text-token-text-primary\" data-testid=\"conversation-turn-9\">\n<div class=\"px-4 py-2 justify-center text-base md:gap-6 m-auto\">\n<div class=\"flex flex-1 text-base mx-auto gap-3 md:px-5 lg:px-1 xl:px-5 md:max-w-3xl lg:max-w-[40rem] xl:max-w-[48rem] group final-completion\">\n<div class=\"relative flex w-full flex-col lg:w-[calc(100%-115px)] agent-turn\">\n<div class=\"flex-col gap-1 md:gap-3\">\n<div class=\"flex flex-grow flex-col max-w-full\">\n<div class=\"min-h-[20px] text-message flex flex-col items-start gap-3 whitespace-pre-wrap break-words [.text-message+&amp;]:mt-5 overflow-x-auto\" data-message-author-role=\"assistant\" data-message-id=\"1fda1d94-eea8-4b1c-8897-b9503c1d0e49\">\n<div class=\"markdown prose w-full break-words dark:prose-invert light\">\n<p>Dispositivo de Respiraci\u00f3n para Evacuaci\u00f3n de Emergencia (EEBD) dise\u00f1ado para evacuar de manera segura entornos con condiciones respiratorias anormales, como humo, fuego, fugas de gas, entre otros.<\/p>\n<p>El dispositivo est\u00e1 fabricado con materiales a prueba de llamas, presenta un color plateado para reflejar el calor y garantizar una alta visibilidad. Su construcci\u00f3n es robusta y confiable, requiriendo un mantenimiento m\u00ednimo.<\/p>\n<p>Incluye una visera amplia y la mascarilla Orinasals, la cual se ajusta a diversos perfiles faciales.<\/p>\n<\/div>\n<\/div>\n<\/div>\n<div class=\"mt-1 flex justify-start gap-3 empty:hidden\">\n<div class=\"text-gray-400 flex self-end lg:self-center justify-center lg:justify-start mt-0 -ml-1 visible\"><\/div>\n<\/div>\n<\/div>\n<\/div>\n<\/div>\n<\/div>\n<\/div>\n<\/div>\n<\/div>\n<\/div>\n<\/div>\n","category_list":"","author_info":{"name":"","url":""},"comments_num":"0 comentarios","_links":{"self":[{"href":"https:\/\/imsecuador.com\/index.php?rest_route=\/wp\/v2\/product\/970"}],"collection":[{"href":"https:\/\/imsecuador.com\/index.php?rest_route=\/wp\/v2\/product"}],"about":[{"href":"https:\/\/imsecuador.com\/index.php?rest_route=\/wp\/v2\/types\/product"}],"wp:featuredmedia":[{"embeddable":true,"href":"https:\/\/imsecuador.com\/index.php?rest_route=\/wp\/v2\/media\/971"}],"wp:attachment":[{"href":"https:\/\/imsecuador.com\/index.php?rest_route=%2Fwp%2Fv2%2Fmedia&parent=970"}],"wp:term":[{"taxonomy":"product_cat","embeddable":true,"href":"https:\/\/imsecuador.com\/index.php?rest_route=%2Fwp%2Fv2%2Fproduct_cat&post=970"},{"taxonomy":"product_tag","embeddable":true,"href":"https:\/\/imsecuador.com\/index.php?rest_route=%2Fwp%2Fv2%2Fproduct_tag&post=970"}],"curies":[{"name":"wp","href":"https:\/\/api.w.org\/{rel}","templated":true}]}}