{"id":965,"date":"2024-01-27T11:28:14","date_gmt":"2024-01-27T16:28:14","guid":{"rendered":"https:\/\/imsecuador.com\/?post_type=product&#038;p=965"},"modified":"2024-01-27T11:33:40","modified_gmt":"2024-01-27T16:33:40","slug":"regulador-cressi-ac2-xs2-int","status":"publish","type":"product","link":"https:\/\/imsecuador.com\/?product=regulador-cressi-ac2-xs2-int","title":{"rendered":"REGULADOR CRESSI AC2\/XS2 [INT]"},"content":{"rendered":"<div class=\"control-colapse\" data-toggle=\"collapse\" data-target=\"#demo\">\n<h3>Caracter\u00edsticas\u00a0<span class=\"nombre_prod_desc\">Cressi XS2 AC2 INT Juego de Reguladores<\/span><\/h3>\n<\/div>\n<div id=\"demo1\" class=\"cuadros collapse\">\n<div class=\"cuadro leftmargen\">\n<div class=\"contenidor_espec\">\n<div class=\"izq\">Tipo de conexi\u00f3n: INT\/ Yugo<\/div>\n<\/div>\n<div class=\"contenidor_espec\">\n<div class=\"izq\">Color: Plata Negro<\/div>\n<\/div>\n<div class=\"contenidor_espec\">\n<div class=\"izq\">LP N\u00famero de salidas: 4 LP<\/div>\n<\/div>\n<div class=\"contenidor_espec\">\n<div class=\"izq\">N\u00famero de salidas de HP: 1 CV<\/div>\n<\/div>\n<div class=\"contenidor_espec\">\n<div class=\"izq\">Uso Recomendado: Buceo recreativo<\/div>\n<\/div>\n<\/div>\n<\/div>\n<p>Caracter\u00edsticas:<\/p>\n<p>&#8211; 2 pares de puertos de baja presi\u00f3n; Pre-angulado para garantizar una conexi\u00f3n perfecta con los conectores e instrumentos de la segunda etapa, lo que hace que el buceo sea m\u00e1s c\u00f3modo.<\/p>\n<p>&#8211; Ajuste r\u00e1pido y sencillo gracias al exclusivo sistema de tuercas anulares giratorias de Cressi, \u00fanico en su clase. El dispositivo se puede calibrar de forma r\u00e1pida y precisa utilizando una llave especial sin necesidad de desmontar el regulador.<\/p>\n<p>&#8211; Potente filtro c\u00f3nico interno con un 200% m\u00e1s de potencia de filtrado que los modelos planos est\u00e1ndar.<\/p>\n<p>&#8211; Capacidad m\u00e1xima de aire de 2.100 litros\/minuto gracias a las nuevas mangueras m\u00e1s anchas.<\/p>\n<p>&#8211; Los conectores tipo varilla y DIN (200 y 300 bar) son totalmente intercambiables y f\u00e1ciles de reemplazar.<\/p>\n<p>&#8211; Acabado satinado. Nuevo modelo fabricado con los mejores materiales posibles con una gama de innovaciones t\u00e9cnicas especialmente desarrolladas. \u2022 El nuevo inyector <span id=\"desc\" class=\"addReadMore showlesscontent\">de pol\u00edmero de alta tecnolog\u00eda m\u00e1s grande suministra aire directamente a la boquilla.<\/span><\/p>\n<p>&#8211; Sistema Cressi-sub I.B.I. (Internal Balance Injection).<\/p>\n<p>&#8211; V\u00e1lvula de control de caudal que aprovecha al m\u00e1ximo el importante efecto Venturi creado por el sistema I.B.I.<\/p>\n<p>&#8211; El nuevo perfil de la palanca de encendido\/apagado de la boquilla crea un sellado perfecto con el disco de membrana. El punto de apoyo significativo y la ausencia de fricci\u00f3n permiten que el aire fluya libremente.<\/p>\n<p>&#8211; El esfuerzo de inhalaci\u00f3n se reduce al m\u00ednimo, incluso en las condiciones m\u00e1s dif\u00edciles.<\/p>\n<p>&#8211; La v\u00e1lvula de purga grande y la manguera de purga con nuevo dise\u00f1o interno garantizan un rendimiento excepcional (consulte el diagrama P\/V).<\/p>\n<p>&#8211; Obtenci\u00f3n de la marca CE, habiendo superado las rigurosas normas europeas UNI EN 250 a todas las temperaturas de buceo (tan bajas como 4 \u00b0C). \u2022<\/p>\n<p>&#8211; Tapa de dise\u00f1o atractivo con cierre tipo tornillo y cerradura especial. XS2 e<\/p>\n<p>\u00a1Bienvenido a nuestra oferta especial\u00a0<strong>Cressi<\/strong>\u00a0<strong>XS2 AC2 INT Regulator Set<\/strong>! Piensa en\u00a0<strong>diveinn<\/strong>\u00a0cuando quieras renovar tu material\u00a0<strong>de buceo<\/strong>.\u00a0<strong>diveinn<\/strong>\u00a0es una tienda online que trabaja en conjunto con las mejores marcas nacionales e internacionales como\u00a0<strong>Cressi<\/strong>\u00a0para que encuentres todo lo que buscas para disfrutar de tu vida. Echa un vistazo a los productos disponibles en\u00a0<strong>Reguladores<\/strong>.<\/p>\n","protected":false},"excerpt":{"rendered":"<p>Es convencional, compacta y liviana que proporciona un rendimiento comparable al de un modelo equilibrado de pist\u00f3n. Los materiales utilizados son de alta calidad y se caracterizan por ser extremadamente f\u00e1ciles de usar y mantener.<\/p>\n","protected":false},"featured_media":966,"template":"","meta":{"_joinchat":[]},"product_cat":[34],"product_tag":[],"featured_image_urls":{"full":["https:\/\/imsecuador.com\/wp-content\/uploads\/2024\/01\/REGULADOR-CRESSI-AC2_XS2-INT-PLATA.jpg",800,1067,false],"thumbnail":["https:\/\/imsecuador.com\/wp-content\/uploads\/2024\/01\/REGULADOR-CRESSI-AC2_XS2-INT-PLATA-150x150.jpg",150,150,true],"medium":["https:\/\/imsecuador.com\/wp-content\/uploads\/2024\/01\/REGULADOR-CRESSI-AC2_XS2-INT-PLATA-225x300.jpg",225,300,true],"medium_large":["https:\/\/imsecuador.com\/wp-content\/uploads\/2024\/01\/REGULADOR-CRESSI-AC2_XS2-INT-PLATA-768x1024.jpg",768,1024,true],"large":["https:\/\/imsecuador.com\/wp-content\/uploads\/2024\/01\/REGULADOR-CRESSI-AC2_XS2-INT-PLATA-768x1024.jpg",768,1024,true],"1536x1536":["https:\/\/imsecuador.com\/wp-content\/uploads\/2024\/01\/REGULADOR-CRESSI-AC2_XS2-INT-PLATA.jpg",800,1067,false],"2048x2048":["https:\/\/imsecuador.com\/wp-content\/uploads\/2024\/01\/REGULADOR-CRESSI-AC2_XS2-INT-PLATA.jpg",800,1067,false],"woocommerce_archive_thumbnail":["https:\/\/imsecuador.com\/wp-content\/uploads\/2024\/01\/REGULADOR-CRESSI-AC2_XS2-INT-PLATA-300x400.jpg",300,400,true],"woocommerce_thumbnail":["https:\/\/imsecuador.com\/wp-content\/uploads\/2024\/01\/REGULADOR-CRESSI-AC2_XS2-INT-PLATA-300x300.jpg",300,300,true],"woocommerce_single":["https:\/\/imsecuador.com\/wp-content\/uploads\/2024\/01\/REGULADOR-CRESSI-AC2_XS2-INT-PLATA-600x800.jpg",600,800,true],"woocommerce_gallery_thumbnail":["https:\/\/imsecuador.com\/wp-content\/uploads\/2024\/01\/REGULADOR-CRESSI-AC2_XS2-INT-PLATA-100x100.jpg",100,100,true]},"post_excerpt_stackable":"<p>Es convencional, compacta y liviana que proporciona un rendimiento comparable al de un modelo equilibrado de pist\u00f3n. Los materiales utilizados son de alta calidad y se caracterizan por ser extremadamente f\u00e1ciles de usar y mantener.<\/p>\n","category_list":"","author_info":{"name":"","url":""},"comments_num":"0 comentarios","_links":{"self":[{"href":"https:\/\/imsecuador.com\/index.php?rest_route=\/wp\/v2\/product\/965"}],"collection":[{"href":"https:\/\/imsecuador.com\/index.php?rest_route=\/wp\/v2\/product"}],"about":[{"href":"https:\/\/imsecuador.com\/index.php?rest_route=\/wp\/v2\/types\/product"}],"wp:featuredmedia":[{"embeddable":true,"href":"https:\/\/imsecuador.com\/index.php?rest_route=\/wp\/v2\/media\/966"}],"wp:attachment":[{"href":"https:\/\/imsecuador.com\/index.php?rest_route=%2Fwp%2Fv2%2Fmedia&parent=965"}],"wp:term":[{"taxonomy":"product_cat","embeddable":true,"href":"https:\/\/imsecuador.com\/index.php?rest_route=%2Fwp%2Fv2%2Fproduct_cat&post=965"},{"taxonomy":"product_tag","embeddable":true,"href":"https:\/\/imsecuador.com\/index.php?rest_route=%2Fwp%2Fv2%2Fproduct_tag&post=965"}],"curies":[{"name":"wp","href":"https:\/\/api.w.org\/{rel}","templated":true}]}}