{"id":963,"date":"2024-01-27T11:19:48","date_gmt":"2024-01-27T16:19:48","guid":{"rendered":"https:\/\/imsecuador.com\/?post_type=product&#038;p=963"},"modified":"2024-01-27T11:19:48","modified_gmt":"2024-01-27T16:19:48","slug":"regulador-cressi-ac2-compacto-int-plata","status":"publish","type":"product","link":"https:\/\/imsecuador.com\/?product=regulador-cressi-ac2-compacto-int-plata","title":{"rendered":"REGULADOR CRESSI AC2\/COMPACTO [INT] &#8211; PLATA"},"content":{"rendered":"<h5>CARACTER\u00cdSTICAS T\u00c9CNICAS<\/h5>\n<p>\u2022 Caracter\u00edsticas t\u00e9cnicas 1ra etapa<br \/>\n\u2022 Pist\u00f3n desequilibrado<br \/>\n\u2022 1 salidas hp 7\/16 unf<br \/>\n\u2022 4 salidas pf 3\/8 unf<br \/>\n\u2022 Presi\u00f3n de servicio: 300 bar (4350 psi) versi\u00f3n din, 232 bar (3365 psi) versi\u00f3n yugo<br \/>\n\u2022 Presi\u00f3n de calibraci\u00f3n: 9 ,5-10 bar<br \/>\n\u2022 Cuerpo de lat\u00f3n niquelado qu\u00edmico<br \/>\n\u2022 Filtro c\u00f3nico de alta capacidad niquelado qu\u00edmico<br \/>\n\u2022 Pist\u00f3n de larga duraci\u00f3n Aisi 316<br \/>\n\u2022 F\u00e1cil sistema de ajuste externo directo de ip<br \/>\n\u2022 Muelle de acero inoxidable<br \/>\n\u2022 Caudal: 2100 l\/min<br \/>\n\u2022 Peso versi\u00f3n yugo: 635 gr peso versi\u00f3n din: 495 gr<br \/>\n\u2022 Caracter\u00edsticas t\u00e9cnicas 2\u00aa etapa<br \/>\n\u2022 Sistema aguas abajo<br \/>\n\u2022 Efecto venturi regulable<br \/>\n\u2022 Palanca antifricci\u00f3n patentada<br \/>\n\u2022 Bot\u00f3n de purga grande<br \/>\n\u2022 Superficie antirayaduras<br \/>\n\u2022 Portatap\u00f3n tipo bayoneta con cierre de seguridad<br \/>\n\u2022 T de escape extra\u00edble sin herramientas<br \/>\n\u2022 Peso sin manguera: 135 gr<br \/>\n\u2022 Manguera encamisada extremadamente ligera y flexible peso: 153 gr<br \/>\n\u2022 Certificaci\u00f3n en250\/2014 a&gt;10\u00b0 c<\/p>\n","protected":false},"excerpt":{"rendered":"<p>Este dispositivo regulador est\u00e1 integrado por la innovadora segunda etapa XS Compact, que cuenta con una cubierta de elast\u00f3mero, junto con la cl\u00e1sica primera etapa de pist\u00f3n Cressi AC2. Sus principales caracter\u00edsticas incluyen su extraordinaria ligereza, rendimiento destacado, mantenimiento sencillo y un precio accesible. El paquete completo incluye ambas etapas y el regulador de emergencia (pulpo). Es adecuado para principiantes, as\u00ed como para actividades de buceo, escuelas y servicios de alquiler. El cilindro presenta una camisa autolubricante, filtro de copa sinterizado, 4 salidas de baja presi\u00f3n y 1 salida de alta presi\u00f3n.<\/p>\n","protected":false},"featured_media":964,"template":"","meta":{"_joinchat":[]},"product_cat":[34],"product_tag":[],"featured_image_urls":{"full":["https:\/\/imsecuador.com\/wp-content\/uploads\/2024\/01\/REGULADOR-CRESSI-AC2_COMPACTO-INT-PLATA.jpg",800,1067,false],"thumbnail":["https:\/\/imsecuador.com\/wp-content\/uploads\/2024\/01\/REGULADOR-CRESSI-AC2_COMPACTO-INT-PLATA-150x150.jpg",150,150,true],"medium":["https:\/\/imsecuador.com\/wp-content\/uploads\/2024\/01\/REGULADOR-CRESSI-AC2_COMPACTO-INT-PLATA-225x300.jpg",225,300,true],"medium_large":["https:\/\/imsecuador.com\/wp-content\/uploads\/2024\/01\/REGULADOR-CRESSI-AC2_COMPACTO-INT-PLATA-768x1024.jpg",768,1024,true],"large":["https:\/\/imsecuador.com\/wp-content\/uploads\/2024\/01\/REGULADOR-CRESSI-AC2_COMPACTO-INT-PLATA-768x1024.jpg",768,1024,true],"1536x1536":["https:\/\/imsecuador.com\/wp-content\/uploads\/2024\/01\/REGULADOR-CRESSI-AC2_COMPACTO-INT-PLATA.jpg",800,1067,false],"2048x2048":["https:\/\/imsecuador.com\/wp-content\/uploads\/2024\/01\/REGULADOR-CRESSI-AC2_COMPACTO-INT-PLATA.jpg",800,1067,false],"woocommerce_archive_thumbnail":["https:\/\/imsecuador.com\/wp-content\/uploads\/2024\/01\/REGULADOR-CRESSI-AC2_COMPACTO-INT-PLATA-300x400.jpg",300,400,true],"woocommerce_thumbnail":["https:\/\/imsecuador.com\/wp-content\/uploads\/2024\/01\/REGULADOR-CRESSI-AC2_COMPACTO-INT-PLATA-300x300.jpg",300,300,true],"woocommerce_single":["https:\/\/imsecuador.com\/wp-content\/uploads\/2024\/01\/REGULADOR-CRESSI-AC2_COMPACTO-INT-PLATA-600x800.jpg",600,800,true],"woocommerce_gallery_thumbnail":["https:\/\/imsecuador.com\/wp-content\/uploads\/2024\/01\/REGULADOR-CRESSI-AC2_COMPACTO-INT-PLATA-100x100.jpg",100,100,true]},"post_excerpt_stackable":"<p>Este dispositivo regulador est\u00e1 integrado por la innovadora segunda etapa XS Compact, que cuenta con una cubierta de elast\u00f3mero, junto con la cl\u00e1sica primera etapa de pist\u00f3n Cressi AC2. Sus principales caracter\u00edsticas incluyen su extraordinaria ligereza, rendimiento destacado, mantenimiento sencillo y un precio accesible. El paquete completo incluye ambas etapas y el regulador de emergencia (pulpo). Es adecuado para principiantes, as\u00ed como para actividades de buceo, escuelas y servicios de alquiler. El cilindro presenta una camisa autolubricante, filtro de copa sinterizado, 4 salidas de baja presi\u00f3n y 1 salida de alta presi\u00f3n.<\/p>\n","category_list":"","author_info":{"name":"","url":""},"comments_num":"0 comentarios","_links":{"self":[{"href":"https:\/\/imsecuador.com\/index.php?rest_route=\/wp\/v2\/product\/963"}],"collection":[{"href":"https:\/\/imsecuador.com\/index.php?rest_route=\/wp\/v2\/product"}],"about":[{"href":"https:\/\/imsecuador.com\/index.php?rest_route=\/wp\/v2\/types\/product"}],"wp:featuredmedia":[{"embeddable":true,"href":"https:\/\/imsecuador.com\/index.php?rest_route=\/wp\/v2\/media\/964"}],"wp:attachment":[{"href":"https:\/\/imsecuador.com\/index.php?rest_route=%2Fwp%2Fv2%2Fmedia&parent=963"}],"wp:term":[{"taxonomy":"product_cat","embeddable":true,"href":"https:\/\/imsecuador.com\/index.php?rest_route=%2Fwp%2Fv2%2Fproduct_cat&post=963"},{"taxonomy":"product_tag","embeddable":true,"href":"https:\/\/imsecuador.com\/index.php?rest_route=%2Fwp%2Fv2%2Fproduct_tag&post=963"}],"curies":[{"name":"wp","href":"https:\/\/api.w.org\/{rel}","templated":true}]}}