{"id":953,"date":"2024-01-23T11:02:30","date_gmt":"2024-01-23T16:02:30","guid":{"rendered":"https:\/\/imsecuador.com\/?post_type=product&#038;p=953"},"modified":"2024-05-17T00:28:42","modified_gmt":"2024-05-17T05:28:42","slug":"brazalete-paracord-con-brujula-marca-rothco","status":"publish","type":"product","link":"https:\/\/imsecuador.com\/?product=brazalete-paracord-con-brujula-marca-rothco","title":{"rendered":"BRAZALETE PARACORD CON BRUJULA MARCA ROTHCO P\/N 999"},"content":{"rendered":"<div>\n<p>Nunca te perder\u00e1s con el brazalete de supervivencia m\u00e1s esencial de Rothco.<\/p>\n<\/div>\n<div class=\"clear\"><\/div>\n<ul class=\"product-description\">\n<li>Pulsera De Supervivencia Paracord Compass<\/li>\n<li>Confeccionado En Resistente Paracord De Poli\u00e9ster De 7 Hebras Con Hebilla De Liberaci\u00f3n R\u00e1pida<\/li>\n<li>Una Peque\u00f1a Br\u00fajula Est\u00e1 Entretejida En El Brazalete Para Que Nunca Te Quedes Sin Navegaci\u00f3n<\/li>\n<li>Las Pulseras Paracord Son Un Art\u00edculo De Preparaci\u00f3n Ideal Con M\u00faltiples Aplicaciones De Supervivencia<\/li>\n<li>F\u00e1cil Y C\u00f3modo De Llevar Todo El D\u00eda En La Mu\u00f1eca<\/li>\n<\/ul>\n","protected":false},"excerpt":{"rendered":"<p>Nunca te perder\u00e1s con el brazalete de supervivencia m\u00e1s esencial de Rothco. Pulsera De Supervivencia Paracord Compass Confeccionado En Resistente Paracord De Poli\u00e9ster De 7 Hebras Con Hebilla De Liberaci\u00f3n R\u00e1pida Una Peque\u00f1a Br\u00fajula Est\u00e1 Entretejida En El Brazalete Para Que Nunca Te Quedes Sin Navegaci\u00f3n Las Pulseras Paracord Son Un Art\u00edculo De Preparaci\u00f3n Ideal [&hellip;]<\/p>\n","protected":false},"featured_media":954,"template":"","meta":{"_joinchat":[]},"product_cat":[35],"product_tag":[],"featured_image_urls":{"full":["https:\/\/imsecuador.com\/wp-content\/uploads\/2024\/01\/BRAZALETE-PARACORD-CON-BRUJULA-MARCA-ROTHCO.jpg",800,1067,false],"thumbnail":["https:\/\/imsecuador.com\/wp-content\/uploads\/2024\/01\/BRAZALETE-PARACORD-CON-BRUJULA-MARCA-ROTHCO-150x150.jpg",150,150,true],"medium":["https:\/\/imsecuador.com\/wp-content\/uploads\/2024\/01\/BRAZALETE-PARACORD-CON-BRUJULA-MARCA-ROTHCO-225x300.jpg",225,300,true],"medium_large":["https:\/\/imsecuador.com\/wp-content\/uploads\/2024\/01\/BRAZALETE-PARACORD-CON-BRUJULA-MARCA-ROTHCO-768x1024.jpg",768,1024,true],"large":["https:\/\/imsecuador.com\/wp-content\/uploads\/2024\/01\/BRAZALETE-PARACORD-CON-BRUJULA-MARCA-ROTHCO-768x1024.jpg",768,1024,true],"1536x1536":["https:\/\/imsecuador.com\/wp-content\/uploads\/2024\/01\/BRAZALETE-PARACORD-CON-BRUJULA-MARCA-ROTHCO.jpg",800,1067,false],"2048x2048":["https:\/\/imsecuador.com\/wp-content\/uploads\/2024\/01\/BRAZALETE-PARACORD-CON-BRUJULA-MARCA-ROTHCO.jpg",800,1067,false],"woocommerce_archive_thumbnail":["https:\/\/imsecuador.com\/wp-content\/uploads\/2024\/01\/BRAZALETE-PARACORD-CON-BRUJULA-MARCA-ROTHCO-300x400.jpg",300,400,true],"woocommerce_thumbnail":["https:\/\/imsecuador.com\/wp-content\/uploads\/2024\/01\/BRAZALETE-PARACORD-CON-BRUJULA-MARCA-ROTHCO-300x300.jpg",300,300,true],"woocommerce_single":["https:\/\/imsecuador.com\/wp-content\/uploads\/2024\/01\/BRAZALETE-PARACORD-CON-BRUJULA-MARCA-ROTHCO-600x800.jpg",600,800,true],"woocommerce_gallery_thumbnail":["https:\/\/imsecuador.com\/wp-content\/uploads\/2024\/01\/BRAZALETE-PARACORD-CON-BRUJULA-MARCA-ROTHCO-100x100.jpg",100,100,true]},"post_excerpt_stackable":"<p>Nunca te perder\u00e1s con el brazalete de supervivencia m\u00e1s esencial de Rothco. Pulsera De Supervivencia Paracord Compass Confeccionado En Resistente Paracord De Poli\u00e9ster De 7 Hebras Con Hebilla De Liberaci\u00f3n R\u00e1pida Una Peque\u00f1a Br\u00fajula Est\u00e1 Entretejida En El Brazalete Para Que Nunca Te Quedes Sin Navegaci\u00f3n Las Pulseras Paracord Son Un Art\u00edculo De Preparaci\u00f3n Ideal Con M\u00faltiples Aplicaciones De Supervivencia F\u00e1cil Y C\u00f3modo De Llevar Todo El D\u00eda En La Mu\u00f1eca<\/p>\n","category_list":"","author_info":{"name":"","url":""},"comments_num":"0 comentarios","_links":{"self":[{"href":"https:\/\/imsecuador.com\/index.php?rest_route=\/wp\/v2\/product\/953"}],"collection":[{"href":"https:\/\/imsecuador.com\/index.php?rest_route=\/wp\/v2\/product"}],"about":[{"href":"https:\/\/imsecuador.com\/index.php?rest_route=\/wp\/v2\/types\/product"}],"wp:featuredmedia":[{"embeddable":true,"href":"https:\/\/imsecuador.com\/index.php?rest_route=\/wp\/v2\/media\/954"}],"wp:attachment":[{"href":"https:\/\/imsecuador.com\/index.php?rest_route=%2Fwp%2Fv2%2Fmedia&parent=953"}],"wp:term":[{"taxonomy":"product_cat","embeddable":true,"href":"https:\/\/imsecuador.com\/index.php?rest_route=%2Fwp%2Fv2%2Fproduct_cat&post=953"},{"taxonomy":"product_tag","embeddable":true,"href":"https:\/\/imsecuador.com\/index.php?rest_route=%2Fwp%2Fv2%2Fproduct_tag&post=953"}],"curies":[{"name":"wp","href":"https:\/\/api.w.org\/{rel}","templated":true}]}}