{"id":908,"date":"2024-01-18T01:45:59","date_gmt":"2024-01-18T06:45:59","guid":{"rendered":"https:\/\/imsecuador.com\/?post_type=product&#038;p=908"},"modified":"2024-05-16T11:29:16","modified_gmt":"2024-05-16T16:29:16","slug":"tanque-de-buceo","status":"publish","type":"product","link":"https:\/\/imsecuador.com\/?product=tanque-de-buceo","title":{"rendered":"TANQUE DE BUCEO MARCA SPARE AIR MODELO 300 P\/N SPR300PK-YE"},"content":{"rendered":"<p><strong>La opci\u00f3n preferida de los buceadores.<\/strong><\/p>\n<ul>\n<li>3 pies c\u00fabicos de aire.<\/li>\n<li>Acabado del tanque en negro anodizado duradero.<\/li>\n<li>Se rellena f\u00e1cilmente desde su propio tanque de buceo con el adaptador de recarga incluido (patentado).<\/li>\n<li>Se acopla f\u00e1cilmente a su chaleco con la funda y la correa de seguridad incluidas.<\/li>\n<li>Peque\u00f1o, manos libres, flotabilidad casi neutra.<\/li>\n<li>Regulador de respiraci\u00f3n a demanda: sin instrucciones complicadas.<\/li>\n<li>Sistema de buceo en miniatura de respaldo completamente redundante.<\/li>\n<li>M\u00e1s r\u00e1pido que la respiraci\u00f3n de un compa\u00f1ero y m\u00e1s f\u00e1cil que un pulpo.<\/li>\n<\/ul>\n<div>\n<p><strong>Caracter\u00edsticas t\u00e9cnicas<\/strong><\/p>\n<\/div>\n<div>\n<div><strong>N\u00famero de pieza:\u00a0<\/strong>300PK<\/div>\n<\/div>\n<div>\n<div><strong>Cilindrada:\u00a0<\/strong>3 pies c\u00fabicos \/ 85 litros<\/div>\n<\/div>\n<div>\n<div><strong>Capacidad de agua:\u00a0<\/strong>30 pulgadas c\u00fabicas \/ .5 litros<\/div>\n<\/div>\n<div>\n<div><strong>Presi\u00f3n de servicio:\u00a0<\/strong>3000 psi \/ 207 bar<\/div>\n<\/div>\n<div>\n<div><strong>Largura:\u00a0<\/strong>13,4&#8243; \/ 34 cm<\/div>\n<\/div>\n<div>\n<div><strong>Di\u00e1metro:\u00a0<\/strong>5,7 cm \/ 2,25&#8243;<\/div>\n<\/div>\n<div>\n<div><strong>Peso:\u00a0<\/strong>2.2 lb \/ 1 kg<\/div>\n<\/div>\n<div>\n<div><strong>Material del cilindro:\u00a0<\/strong>Aluminio &#8211; Anodizado Negro<\/div>\n<\/div>\n<div>\n<div><strong>Tipo de regulador:\u00a0<\/strong>Etapa \u00fanica equilibrada<\/div>\n<\/div>\n<div>\n<div><strong>Respiraciones superficiales*:\u00a0<\/strong>57<\/div>\n<\/div>\n<div>\n<div><\/div>\n<\/div>\n<div>\n<div><strong>Fabricado:<\/strong><\/div>\n<div>Hecho en EE. UU.<\/div>\n<\/div>\n<div>\n<div>*Basado en 1,5 litros por respiraci\u00f3n<\/div>\n<div><\/div>\n<\/div>\n","protected":false},"excerpt":{"rendered":"<p>La opci\u00f3n preferida de los buceadores. 3 pies c\u00fabicos de aire. Acabado del tanque en negro anodizado duradero. Se rellena f\u00e1cilmente desde su propio tanque de buceo con el adaptador de recarga incluido (patentado). Se acopla f\u00e1cilmente a su chaleco con la funda y la correa de seguridad incluidas. Peque\u00f1o, manos libres, flotabilidad casi neutra. [&hellip;]<\/p>\n","protected":false},"featured_media":1151,"template":"","meta":{"_joinchat":[]},"product_cat":[34],"product_tag":[],"featured_image_urls":{"full":["https:\/\/imsecuador.com\/wp-content\/uploads\/2024\/01\/TANQUE-DE-BUCEO-MARCA-SPARE-AIR-MODELO-300.jpg",800,1067,false],"thumbnail":["https:\/\/imsecuador.com\/wp-content\/uploads\/2024\/01\/TANQUE-DE-BUCEO-MARCA-SPARE-AIR-MODELO-300-150x150.jpg",150,150,true],"medium":["https:\/\/imsecuador.com\/wp-content\/uploads\/2024\/01\/TANQUE-DE-BUCEO-MARCA-SPARE-AIR-MODELO-300-225x300.jpg",225,300,true],"medium_large":["https:\/\/imsecuador.com\/wp-content\/uploads\/2024\/01\/TANQUE-DE-BUCEO-MARCA-SPARE-AIR-MODELO-300-768x1024.jpg",768,1024,true],"large":["https:\/\/imsecuador.com\/wp-content\/uploads\/2024\/01\/TANQUE-DE-BUCEO-MARCA-SPARE-AIR-MODELO-300-768x1024.jpg",768,1024,true],"1536x1536":["https:\/\/imsecuador.com\/wp-content\/uploads\/2024\/01\/TANQUE-DE-BUCEO-MARCA-SPARE-AIR-MODELO-300.jpg",800,1067,false],"2048x2048":["https:\/\/imsecuador.com\/wp-content\/uploads\/2024\/01\/TANQUE-DE-BUCEO-MARCA-SPARE-AIR-MODELO-300.jpg",800,1067,false],"woocommerce_archive_thumbnail":["https:\/\/imsecuador.com\/wp-content\/uploads\/2024\/01\/TANQUE-DE-BUCEO-MARCA-SPARE-AIR-MODELO-300-300x400.jpg",300,400,true],"woocommerce_thumbnail":["https:\/\/imsecuador.com\/wp-content\/uploads\/2024\/01\/TANQUE-DE-BUCEO-MARCA-SPARE-AIR-MODELO-300-300x300.jpg",300,300,true],"woocommerce_single":["https:\/\/imsecuador.com\/wp-content\/uploads\/2024\/01\/TANQUE-DE-BUCEO-MARCA-SPARE-AIR-MODELO-300-600x800.jpg",600,800,true],"woocommerce_gallery_thumbnail":["https:\/\/imsecuador.com\/wp-content\/uploads\/2024\/01\/TANQUE-DE-BUCEO-MARCA-SPARE-AIR-MODELO-300-100x100.jpg",100,100,true]},"post_excerpt_stackable":"<p>La opci\u00f3n preferida de los buceadores. 3 pies c\u00fabicos de aire. Acabado del tanque en negro anodizado duradero. Se rellena f\u00e1cilmente desde su propio tanque de buceo con el adaptador de recarga incluido (patentado). Se acopla f\u00e1cilmente a su chaleco con la funda y la correa de seguridad incluidas. Peque\u00f1o, manos libres, flotabilidad casi neutra. Regulador de respiraci\u00f3n a demanda: sin instrucciones complicadas. Sistema de buceo en miniatura de respaldo completamente redundante. M\u00e1s r\u00e1pido que la respiraci\u00f3n de un compa\u00f1ero y m\u00e1s f\u00e1cil que un pulpo. Caracter\u00edsticas t\u00e9cnicas N\u00famero de pieza:\u00a0300PK Cilindrada:\u00a03 pies c\u00fabicos \/ 85 litros Capacidad de agua:\u00a030&hellip;<\/p>\n","category_list":"","author_info":{"name":"","url":""},"comments_num":"0 comentarios","_links":{"self":[{"href":"https:\/\/imsecuador.com\/index.php?rest_route=\/wp\/v2\/product\/908"}],"collection":[{"href":"https:\/\/imsecuador.com\/index.php?rest_route=\/wp\/v2\/product"}],"about":[{"href":"https:\/\/imsecuador.com\/index.php?rest_route=\/wp\/v2\/types\/product"}],"wp:featuredmedia":[{"embeddable":true,"href":"https:\/\/imsecuador.com\/index.php?rest_route=\/wp\/v2\/media\/1151"}],"wp:attachment":[{"href":"https:\/\/imsecuador.com\/index.php?rest_route=%2Fwp%2Fv2%2Fmedia&parent=908"}],"wp:term":[{"taxonomy":"product_cat","embeddable":true,"href":"https:\/\/imsecuador.com\/index.php?rest_route=%2Fwp%2Fv2%2Fproduct_cat&post=908"},{"taxonomy":"product_tag","embeddable":true,"href":"https:\/\/imsecuador.com\/index.php?rest_route=%2Fwp%2Fv2%2Fproduct_tag&post=908"}],"curies":[{"name":"wp","href":"https:\/\/api.w.org\/{rel}","templated":true}]}}