{"id":789,"date":"2024-01-11T23:49:54","date_gmt":"2024-01-12T04:49:54","guid":{"rendered":"https:\/\/imsecuador.com\/?post_type=product&#038;p=789"},"modified":"2024-05-16T10:50:46","modified_gmt":"2024-05-16T15:50:46","slug":"balsa-salvavidas-zhr-a-15-pack-a-solas","status":"publish","type":"product","link":"https:\/\/imsecuador.com\/?product=balsa-salvavidas-zhr-a-15-pack-a-solas","title":{"rendered":"BALSA SALVAVIDAS ZHR-A 15 PACK A SOLAS"},"content":{"rendered":"<p>Caracter\u00edsticas Balsa Salvavidas ZHR-A SOLAS 15 px Pack A ZHR-A15 :<\/p>\n<p>Capacidad : 15 personas<\/p>\n<p>Tama\u00f1o de contenedor : Cilindrico de fibra de vidrio<\/p>\n<p>Diametro : 700 mm x Longitud : 1.300 mm<\/p>\n<p>Peso Estimado : Pack A\u00a0 : 130 kilos<\/p>\n<p>Pack B\u00a0\u00a0 : 100 kilos<\/p>\n<p>Dimensiones Balsa Armada :<\/p>\n<p>Longitud : 3.380 mm Ancho : 3.380 mm<\/p>\n<p>Alto : 1.500 mm<\/p>\n<p>Es adecuado para la instalaci\u00f3n de buques en viajes nacionales, costeros y oceanicos. Est\u00e1ndar del producto Cumple con los requisitos de las \u00abReglamentaciones t\u00e9cnicas para las inspecciones reglamentarias de buques mar\u00edtimos contratados en viajes internacionales (1999)\u00bb de P. R. C. Y SOLAS 74 \/ 96Amendment, LSA \\ MSC. 81 (70). Equipo de equipo Un paquete A o paquete B (Pack Solas de Sobrevivencia para embarcaciones de navegaci\u00f3n en todo tipo de ambiente\u00a0 largos o cortos, costeros u oceanicos) Pack A o B SOLAS seg\u00fan las normas internaciones del convenio adscrito vigente Metodo de inflacion Despu\u00e9s del lanzamiento desde la embarcacion, la balsa salvavidas se puede inflar y abrir autom\u00e1ticamente. \u00a0Si el barco se hunde muy r\u00e1pido y la balsa salvavidas no se puede tirar, la balsa a\u00fan puede flotar desde el agua bajo la acci\u00f3n de la Unidad de Liberaci\u00f3n Hidrost\u00e1tica y puede inflarse y abrirse autom\u00e1ticamente.<\/p>\n<p>Maxima Altura de Instalacion de la Unidad : Es recomendable instalar la balsa salvavidas desde una altura desde 6 a 35 metros por sobre el nivel del mar, a m\u00ednima capacidad de desplazamiento.<\/p>\n<p>Certificados : China Clasification Society (CCS) Certificate of Type Approval Germanisher Lloyd AG (GL) EC type examination certificate Homologadas por DGTM y MM Armada de Chile Solo Balsa no incluye calzo (Puede ser armada con calzo plano o inclinado metalico ),ni v\u00e1lvula hidrostatica (Puede ser del tipo acerinox o plastica desechable) , consultar valor de certificado de la balsa salvavidas.<\/p>\n<p>Balsa Salvavidas no considera certificacion, se realiza el tramite, pero tiene un costo adicional, entregamos la unidad lista para su uso<\/p>\n","protected":false},"excerpt":{"rendered":"<p>La balsa salvavidas para 15 personas destaca por su enfoque en seguridad, calidad y durabilidad. Confeccionada con materiales de primera calidad y tecnolog\u00eda avanzada, asegura una respuesta confiable en situaciones de emergencia mar\u00edtima. Su dise\u00f1o robusto y duradero cumple con los m\u00e1s altos est\u00e1ndares, garantizando una soluci\u00f3n confiable para la seguridad en alta mar.<\/p>\n","protected":false},"featured_media":790,"template":"","meta":{"_joinchat":[]},"product_cat":[32],"product_tag":[],"featured_image_urls":{"full":["https:\/\/imsecuador.com\/wp-content\/uploads\/2024\/01\/BALSA-SALVAVIDAS-ZHR-A-15-PACK-A-SOLAS.jpg",800,1067,false],"thumbnail":["https:\/\/imsecuador.com\/wp-content\/uploads\/2024\/01\/BALSA-SALVAVIDAS-ZHR-A-15-PACK-A-SOLAS-150x150.jpg",150,150,true],"medium":["https:\/\/imsecuador.com\/wp-content\/uploads\/2024\/01\/BALSA-SALVAVIDAS-ZHR-A-15-PACK-A-SOLAS-225x300.jpg",225,300,true],"medium_large":["https:\/\/imsecuador.com\/wp-content\/uploads\/2024\/01\/BALSA-SALVAVIDAS-ZHR-A-15-PACK-A-SOLAS-768x1024.jpg",768,1024,true],"large":["https:\/\/imsecuador.com\/wp-content\/uploads\/2024\/01\/BALSA-SALVAVIDAS-ZHR-A-15-PACK-A-SOLAS-768x1024.jpg",768,1024,true],"1536x1536":["https:\/\/imsecuador.com\/wp-content\/uploads\/2024\/01\/BALSA-SALVAVIDAS-ZHR-A-15-PACK-A-SOLAS.jpg",800,1067,false],"2048x2048":["https:\/\/imsecuador.com\/wp-content\/uploads\/2024\/01\/BALSA-SALVAVIDAS-ZHR-A-15-PACK-A-SOLAS.jpg",800,1067,false],"woocommerce_archive_thumbnail":["https:\/\/imsecuador.com\/wp-content\/uploads\/2024\/01\/BALSA-SALVAVIDAS-ZHR-A-15-PACK-A-SOLAS-300x400.jpg",300,400,true],"woocommerce_thumbnail":["https:\/\/imsecuador.com\/wp-content\/uploads\/2024\/01\/BALSA-SALVAVIDAS-ZHR-A-15-PACK-A-SOLAS-300x300.jpg",300,300,true],"woocommerce_single":["https:\/\/imsecuador.com\/wp-content\/uploads\/2024\/01\/BALSA-SALVAVIDAS-ZHR-A-15-PACK-A-SOLAS-600x800.jpg",600,800,true],"woocommerce_gallery_thumbnail":["https:\/\/imsecuador.com\/wp-content\/uploads\/2024\/01\/BALSA-SALVAVIDAS-ZHR-A-15-PACK-A-SOLAS-100x100.jpg",100,100,true]},"post_excerpt_stackable":"<p>La balsa salvavidas para 15 personas destaca por su enfoque en seguridad, calidad y durabilidad. Confeccionada con materiales de primera calidad y tecnolog\u00eda avanzada, asegura una respuesta confiable en situaciones de emergencia mar\u00edtima. Su dise\u00f1o robusto y duradero cumple con los m\u00e1s altos est\u00e1ndares, garantizando una soluci\u00f3n confiable para la seguridad en alta mar.<\/p>\n","category_list":"","author_info":{"name":"","url":""},"comments_num":"0 comentarios","_links":{"self":[{"href":"https:\/\/imsecuador.com\/index.php?rest_route=\/wp\/v2\/product\/789"}],"collection":[{"href":"https:\/\/imsecuador.com\/index.php?rest_route=\/wp\/v2\/product"}],"about":[{"href":"https:\/\/imsecuador.com\/index.php?rest_route=\/wp\/v2\/types\/product"}],"wp:featuredmedia":[{"embeddable":true,"href":"https:\/\/imsecuador.com\/index.php?rest_route=\/wp\/v2\/media\/790"}],"wp:attachment":[{"href":"https:\/\/imsecuador.com\/index.php?rest_route=%2Fwp%2Fv2%2Fmedia&parent=789"}],"wp:term":[{"taxonomy":"product_cat","embeddable":true,"href":"https:\/\/imsecuador.com\/index.php?rest_route=%2Fwp%2Fv2%2Fproduct_cat&post=789"},{"taxonomy":"product_tag","embeddable":true,"href":"https:\/\/imsecuador.com\/index.php?rest_route=%2Fwp%2Fv2%2Fproduct_tag&post=789"}],"curies":[{"name":"wp","href":"https:\/\/api.w.org\/{rel}","templated":true}]}}