{"id":785,"date":"2024-01-08T23:04:45","date_gmt":"2024-01-09T04:04:45","guid":{"rendered":"https:\/\/imsecuador.com\/?post_type=product&#038;p=785"},"modified":"2024-05-16T10:44:52","modified_gmt":"2024-05-16T15:44:52","slug":"aros-salvavidas","status":"publish","type":"product","link":"https:\/\/imsecuador.com\/?product=aros-salvavidas","title":{"rendered":"ANILLO DE SALVAVIDAS LALIZAS SOLAS, CON CINTA RETRORREFLECTANTE P\/N 70090"},"content":{"rendered":"<p><strong>Caracter\u00edsticas Aro Salvavidas.<\/strong><\/p>\n<ul>\n<li>Marca LALIZAS.<\/li>\n<li>C\u00f3digos disponibles con las Certificaciones SOLAS\/MED y USCG SOLAS.<\/li>\n<li>Cuenta con una carcasa exterior de polietileno naranja reticulado duro que no se deteriora y no se ve afectado por condiciones clim\u00e1ticas extremas.<\/li>\n<li>La l\u00ednea de agarre que rodea el anillo salvavidas LALIZAS est\u00e1 dise\u00f1ada para resistir el aceite y las llamas y proporciona un agarre f\u00e1cil y r\u00e1pido en caso de emergencia. Fabricado en polietileno.<\/li>\n<li>Est\u00e1 equipado con 400 sq.cm de cinta retrorreflectante SOLAS (70180) que proporciona una visibilidad mejorada en condiciones de poca luz.<\/li>\n<li>El color altamente visible del anillo salvavidas LALIZAS lo hace f\u00e1cilmente detectable en el agua, a trav\u00e9s de las olas y la niebla.<\/li>\n<li>Especialmente dise\u00f1ado para uso comercial.<\/li>\n<li>Ideal para buques de carga y pasajeros.<\/li>\n<li>M\u00e1xima durabilidad<\/li>\n<li>Di\u00e1metro exterior: 730mm<\/li>\n<li>Di\u00e1metro interior: 440mm<\/li>\n<li>Peso: 2.5kg<\/li>\n<\/ul>\n","protected":false},"excerpt":{"rendered":"<p>Aro salvavidas homologado SOLAS con cinta reflectiva y superficie de polietileno en naranja, m\u00e1xima durabilidad asegurada ante efectos externos como el sol, la humedad y el salitre. <label class=\"label\">Referencia<\/label>\u00a0LA70090<\/p>\n","protected":false},"featured_media":786,"template":"","meta":{"_joinchat":[]},"product_cat":[32],"product_tag":[],"featured_image_urls":{"full":["https:\/\/imsecuador.com\/wp-content\/uploads\/2024\/01\/Aros-salvavidas.jpg",800,1067,false],"thumbnail":["https:\/\/imsecuador.com\/wp-content\/uploads\/2024\/01\/Aros-salvavidas-150x150.jpg",150,150,true],"medium":["https:\/\/imsecuador.com\/wp-content\/uploads\/2024\/01\/Aros-salvavidas-225x300.jpg",225,300,true],"medium_large":["https:\/\/imsecuador.com\/wp-content\/uploads\/2024\/01\/Aros-salvavidas-768x1024.jpg",768,1024,true],"large":["https:\/\/imsecuador.com\/wp-content\/uploads\/2024\/01\/Aros-salvavidas-768x1024.jpg",768,1024,true],"1536x1536":["https:\/\/imsecuador.com\/wp-content\/uploads\/2024\/01\/Aros-salvavidas.jpg",800,1067,false],"2048x2048":["https:\/\/imsecuador.com\/wp-content\/uploads\/2024\/01\/Aros-salvavidas.jpg",800,1067,false],"woocommerce_archive_thumbnail":["https:\/\/imsecuador.com\/wp-content\/uploads\/2024\/01\/Aros-salvavidas-300x400.jpg",300,400,true],"woocommerce_thumbnail":["https:\/\/imsecuador.com\/wp-content\/uploads\/2024\/01\/Aros-salvavidas-300x300.jpg",300,300,true],"woocommerce_single":["https:\/\/imsecuador.com\/wp-content\/uploads\/2024\/01\/Aros-salvavidas-600x800.jpg",600,800,true],"woocommerce_gallery_thumbnail":["https:\/\/imsecuador.com\/wp-content\/uploads\/2024\/01\/Aros-salvavidas-100x100.jpg",100,100,true]},"post_excerpt_stackable":"<p>Aro salvavidas homologado SOLAS con cinta reflectiva y superficie de polietileno en naranja, m\u00e1xima durabilidad asegurada ante efectos externos como el sol, la humedad y el salitre. <label class=\"label\">Referencia<\/label>\u00a0LA70090<\/p>\n","category_list":"","author_info":{"name":"","url":""},"comments_num":"0 comentarios","_links":{"self":[{"href":"https:\/\/imsecuador.com\/index.php?rest_route=\/wp\/v2\/product\/785"}],"collection":[{"href":"https:\/\/imsecuador.com\/index.php?rest_route=\/wp\/v2\/product"}],"about":[{"href":"https:\/\/imsecuador.com\/index.php?rest_route=\/wp\/v2\/types\/product"}],"wp:featuredmedia":[{"embeddable":true,"href":"https:\/\/imsecuador.com\/index.php?rest_route=\/wp\/v2\/media\/786"}],"wp:attachment":[{"href":"https:\/\/imsecuador.com\/index.php?rest_route=%2Fwp%2Fv2%2Fmedia&parent=785"}],"wp:term":[{"taxonomy":"product_cat","embeddable":true,"href":"https:\/\/imsecuador.com\/index.php?rest_route=%2Fwp%2Fv2%2Fproduct_cat&post=785"},{"taxonomy":"product_tag","embeddable":true,"href":"https:\/\/imsecuador.com\/index.php?rest_route=%2Fwp%2Fv2%2Fproduct_tag&post=785"}],"curies":[{"name":"wp","href":"https:\/\/api.w.org\/{rel}","templated":true}]}}