{"id":783,"date":"2024-01-08T11:15:55","date_gmt":"2024-01-08T16:15:55","guid":{"rendered":"https:\/\/imsecuador.com\/?post_type=product&#038;p=783"},"modified":"2024-05-16T09:46:02","modified_gmt":"2024-05-16T14:46:02","slug":"anemometro-digital-wtf-b500","status":"publish","type":"product","link":"https:\/\/imsecuador.com\/?product=anemometro-digital-wtf-b500","title":{"rendered":"ANEM\u00d3METRO DIGITAL MODELO WTF-B500 MARCA WEITE"},"content":{"rendered":"<p>Descripci\u00f3n<\/p>\n<p>El anem\u00f3metro digital WTF-B500 gan\u00f3 el premio China Design Red Star Award.<\/p>\n<p>Este producto se utiliza para medir la velocidad instant\u00e1nea del viento y la velocidad promedio del viento, y tiene las funciones de monitoreo autom\u00e1tico, visualizaci\u00f3n en tiempo real, alarma y control de exceso de l\u00edmite. Es adecuado para todo tipo de gr\u00faas, como gr\u00faas p\u00f3rtico, puentes gr\u00faa, gr\u00faas torre, gr\u00faas, etc., as\u00ed como para varios lugares como puertos, muelles, telef\u00e9ricos, obras de construcci\u00f3n.<\/p>\n<p>El anem\u00f3metro digital WTF-B500 tiene una alta estabilidad, una fuerte capacidad antiinterferente y una alta precisi\u00f3n de detecci\u00f3n. La copa de viento est\u00e1 hecha de materiales especiales, con alta resistencia mec\u00e1nica y fuerte resistencia al viento. Adecuado para diferentes entornos de trabajo. El instrumento puede ampliar la funci\u00f3n de almacenamiento de datos y puede reservar RS485 y una interfaz de 4-20 mA.<\/p>\n<p><strong>Ventajas<\/strong>.<\/p>\n<p><strong>F\u00e1cil manejo:<\/strong><\/p>\n<p>Los usuarios nacionales y extranjeros tienen buenos comentarios sobre la autoinstalaci\u00f3n, el autofuncionamiento y la depuraci\u00f3n, y el autorestablecimiento y la transferencia.<\/p>\n<p><strong>Fiabilidad estable:<\/strong><\/p>\n<p>El dise\u00f1o incorpora muchos a\u00f1os de experiencia pr\u00e1ctica y la \u00faltima tecnolog\u00eda l\u00edder en la industria, y considera completamente la redundancia y la tolerancia de expansi\u00f3n del entorno de aplicaci\u00f3n. Pruebas estrictas rutinarias de instrumentos multicapa, pruebas de personal de control de calidad multicapa antes de salir de la f\u00e1brica.<\/p>\n<p><strong>Practicidad sofisticada:<\/strong><\/p>\n<p>Tiene las funciones b\u00e1sicas convencionales del anem\u00f3metro digital, puede expandir la funci\u00f3n de almacenamiento de datos, puede reservar RS485 y una interfaz de 4-20 mA, y el dise\u00f1o del instrumento es exquisito y pr\u00e1ctico.<\/p>\n<p><strong>Alcance<\/strong>.<\/p>\n<p>El anem\u00f3metro digital WTF-B500 es adecuado para varias gr\u00faas, como gr\u00faas p\u00f3rtico, puentes gr\u00faa, gr\u00faas torre y veh\u00edculos de conducci\u00f3n, as\u00ed como para varios lugares como puertos, muelles, telef\u00e9ricos, sitios de construcci\u00f3n y la rueda de la fortuna del parque de atracciones Happy Valley.<\/p>\n","protected":false},"excerpt":{"rendered":"<p>El anem\u00f3metro Wtf-b500 es aplicable a varias gr\u00faas, como gr\u00faas p\u00f3rtico, puentes gr\u00faa, gr\u00faas torre, as\u00ed como a puertos, muelles, telef\u00e9ricos, sitios de construcci\u00f3n<\/p>\n","protected":false},"featured_media":784,"template":"","meta":{"_joinchat":[]},"product_cat":[32],"product_tag":[],"featured_image_urls":{"full":["https:\/\/imsecuador.com\/wp-content\/uploads\/2024\/01\/Anemometro-digital-Wtf-b500.1.jpg",800,1067,false],"thumbnail":["https:\/\/imsecuador.com\/wp-content\/uploads\/2024\/01\/Anemometro-digital-Wtf-b500.1-150x150.jpg",150,150,true],"medium":["https:\/\/imsecuador.com\/wp-content\/uploads\/2024\/01\/Anemometro-digital-Wtf-b500.1-225x300.jpg",225,300,true],"medium_large":["https:\/\/imsecuador.com\/wp-content\/uploads\/2024\/01\/Anemometro-digital-Wtf-b500.1-768x1024.jpg",768,1024,true],"large":["https:\/\/imsecuador.com\/wp-content\/uploads\/2024\/01\/Anemometro-digital-Wtf-b500.1-768x1024.jpg",768,1024,true],"1536x1536":["https:\/\/imsecuador.com\/wp-content\/uploads\/2024\/01\/Anemometro-digital-Wtf-b500.1.jpg",800,1067,false],"2048x2048":["https:\/\/imsecuador.com\/wp-content\/uploads\/2024\/01\/Anemometro-digital-Wtf-b500.1.jpg",800,1067,false],"woocommerce_archive_thumbnail":["https:\/\/imsecuador.com\/wp-content\/uploads\/2024\/01\/Anemometro-digital-Wtf-b500.1-300x400.jpg",300,400,true],"woocommerce_thumbnail":["https:\/\/imsecuador.com\/wp-content\/uploads\/2024\/01\/Anemometro-digital-Wtf-b500.1-300x300.jpg",300,300,true],"woocommerce_single":["https:\/\/imsecuador.com\/wp-content\/uploads\/2024\/01\/Anemometro-digital-Wtf-b500.1-600x800.jpg",600,800,true],"woocommerce_gallery_thumbnail":["https:\/\/imsecuador.com\/wp-content\/uploads\/2024\/01\/Anemometro-digital-Wtf-b500.1-100x100.jpg",100,100,true]},"post_excerpt_stackable":"<p>El anem\u00f3metro Wtf-b500 es aplicable a varias gr\u00faas, como gr\u00faas p\u00f3rtico, puentes gr\u00faa, gr\u00faas torre, as\u00ed como a puertos, muelles, telef\u00e9ricos, sitios de construcci\u00f3n<\/p>\n","category_list":"","author_info":{"name":"","url":""},"comments_num":"0 comentarios","_links":{"self":[{"href":"https:\/\/imsecuador.com\/index.php?rest_route=\/wp\/v2\/product\/783"}],"collection":[{"href":"https:\/\/imsecuador.com\/index.php?rest_route=\/wp\/v2\/product"}],"about":[{"href":"https:\/\/imsecuador.com\/index.php?rest_route=\/wp\/v2\/types\/product"}],"wp:featuredmedia":[{"embeddable":true,"href":"https:\/\/imsecuador.com\/index.php?rest_route=\/wp\/v2\/media\/784"}],"wp:attachment":[{"href":"https:\/\/imsecuador.com\/index.php?rest_route=%2Fwp%2Fv2%2Fmedia&parent=783"}],"wp:term":[{"taxonomy":"product_cat","embeddable":true,"href":"https:\/\/imsecuador.com\/index.php?rest_route=%2Fwp%2Fv2%2Fproduct_cat&post=783"},{"taxonomy":"product_tag","embeddable":true,"href":"https:\/\/imsecuador.com\/index.php?rest_route=%2Fwp%2Fv2%2Fproduct_tag&post=783"}],"curies":[{"name":"wp","href":"https:\/\/api.w.org\/{rel}","templated":true}]}}