{"id":770,"date":"2024-01-08T00:55:04","date_gmt":"2024-01-08T05:55:04","guid":{"rendered":"https:\/\/imsecuador.com\/?post_type=product&#038;p=770"},"modified":"2024-05-16T09:10:56","modified_gmt":"2024-05-16T14:10:56","slug":"ais-matsutec-hp-528a-clase-b","status":"publish","type":"product","link":"https:\/\/imsecuador.com\/?product=ais-matsutec-hp-528a-clase-b","title":{"rendered":"NAVEGADOR GPS MARINO CON TRANSPONDEDOR AIS CLASE B MODELO HP-528A MARCA MATSUTEC"},"content":{"rendered":"<div>\n<h2>Caracter\u00edsticas de AIS Matsutec HP-528A<\/h2>\n<\/div>\n<ul>\n<li>Vista de trazador de radar y vista de lista m\u00faltiple<\/li>\n<li>Informaci\u00f3n detallada sobre el objetivo<\/li>\n<li>Funciones de reloj para barcos amigos y boyas<\/li>\n<li>Alarmas visuales y sonoras de colisi\u00f3n, SART, MOB,<\/li>\n<li>Falta el reloj objetivo, la desviaci\u00f3n del reloj objetivo, etc.<\/li>\n<li>Seguridad y visualizaci\u00f3n normal de los mensajes<\/li>\n<li>Puerto de salida de alarma externo<\/li>\n<\/ul>\n<p>Capaz de almacenar hasta 10.000 waypoints, 100 rutas y 3000 tracks, visual y audio Sistema de alarma de llegada\/anclaje, XTE, Velocidad, Viaje, Od\u00f3metro. Completo con la funci\u00f3n Hombre al agua.<\/p>\n<div>AIS Matsutec HP-528A es un transpondedor AIS Clase B para embarcaciones que no son SOLAS, como cruceros, barcos de trabajo, barcos de pesca y embarcaciones peque\u00f1as. Pantalla de visualizaci\u00f3n de dise\u00f1o especial para el monitoreo de boyas de redes de pesca y alarma externa para MOB y gesti\u00f3n de riesgos de colisi\u00f3n.<\/div>\n<div><\/div>\n<div><\/div>\n<div><strong>Ventajas de AIS Matsutec HP-528A:<\/strong><\/div>\n<p><strong>Caracter\u00edsticas de AIS:<\/strong><\/p>\n<ol>\n<li>Lista detallada de objetivos y visualizaci\u00f3n de la forma del radar<\/li>\n<li>Supervise temas importantes, por ejemplo, boya de red de pesca, barco amigo, etc.<\/li>\n<li>Alarma externa (campana)<\/li>\n<li>El bajo costo, el tama\u00f1o m\u00e1s peque\u00f1o y la f\u00e1cil instalaci\u00f3n hacen que el HP-528A sea ideal para cumplir con su presupuesto y las demandas de los propietarios y operadores de embarcaciones<\/li>\n<\/ol>\n<div><strong>Caracter\u00edsticas del GPS:<\/strong><\/div>\n<ol>\n<li>LCD 4.3&#8243; Luz solar Color visible (Brillo: 500 cd)<\/li>\n<li>GOTO navegaci\u00f3n de pistas<\/li>\n<li>Almacena hasta 10.000 waypoints\/puntos, 100 rutas y 3.000 puntos de seguimiento<\/li>\n<li>Bot\u00f3n de hombre al agua (MOB)<\/li>\n<li>Soporta NMEA 0183 ver 2.0<\/li>\n<li>7 modos de visualizaci\u00f3n disponibles, incluidos 2 modos personalizados por el usuario<\/li>\n<li>SBAS es capaz de medir mejor<\/li>\n<\/ol>\n<p><strong>Dentro de la caja:<\/strong><\/p>\n<ul>\n<li>Antena GPS<\/li>\n<li>Antena VHF<\/li>\n<li>Cable de alimentaci\u00f3n<\/li>\n<li>Cubierta de la pantalla (Cubierta)<\/li>\n<li>Gu\u00eda<\/li>\n<\/ul>\n","protected":false},"excerpt":{"rendered":"<p>AIS Matsutec HP-528A es un transpondedor AIS completo con pantalla LCD de 4,3&#8243; y navegador GPS marino. Incluye antena GPS con cable de 10 m para una navegaci\u00f3n precisa y segura en entornos marinos.<\/p>\n","protected":false},"featured_media":771,"template":"","meta":{"_joinchat":[]},"product_cat":[32],"product_tag":[],"featured_image_urls":{"full":["https:\/\/imsecuador.com\/wp-content\/uploads\/2024\/01\/AIS-Class-B-Matsutec-HP-528A.jpg",800,1067,false],"thumbnail":["https:\/\/imsecuador.com\/wp-content\/uploads\/2024\/01\/AIS-Class-B-Matsutec-HP-528A-150x150.jpg",150,150,true],"medium":["https:\/\/imsecuador.com\/wp-content\/uploads\/2024\/01\/AIS-Class-B-Matsutec-HP-528A-225x300.jpg",225,300,true],"medium_large":["https:\/\/imsecuador.com\/wp-content\/uploads\/2024\/01\/AIS-Class-B-Matsutec-HP-528A-768x1024.jpg",768,1024,true],"large":["https:\/\/imsecuador.com\/wp-content\/uploads\/2024\/01\/AIS-Class-B-Matsutec-HP-528A-768x1024.jpg",768,1024,true],"1536x1536":["https:\/\/imsecuador.com\/wp-content\/uploads\/2024\/01\/AIS-Class-B-Matsutec-HP-528A.jpg",800,1067,false],"2048x2048":["https:\/\/imsecuador.com\/wp-content\/uploads\/2024\/01\/AIS-Class-B-Matsutec-HP-528A.jpg",800,1067,false],"woocommerce_archive_thumbnail":["https:\/\/imsecuador.com\/wp-content\/uploads\/2024\/01\/AIS-Class-B-Matsutec-HP-528A-300x400.jpg",300,400,true],"woocommerce_thumbnail":["https:\/\/imsecuador.com\/wp-content\/uploads\/2024\/01\/AIS-Class-B-Matsutec-HP-528A-300x300.jpg",300,300,true],"woocommerce_single":["https:\/\/imsecuador.com\/wp-content\/uploads\/2024\/01\/AIS-Class-B-Matsutec-HP-528A-600x800.jpg",600,800,true],"woocommerce_gallery_thumbnail":["https:\/\/imsecuador.com\/wp-content\/uploads\/2024\/01\/AIS-Class-B-Matsutec-HP-528A-100x100.jpg",100,100,true]},"post_excerpt_stackable":"<p>AIS Matsutec HP-528A es un transpondedor AIS completo con pantalla LCD de 4,3&#8243; y navegador GPS marino. Incluye antena GPS con cable de 10 m para una navegaci\u00f3n precisa y segura en entornos marinos.<\/p>\n","category_list":"","author_info":{"name":"","url":""},"comments_num":"0 comentarios","_links":{"self":[{"href":"https:\/\/imsecuador.com\/index.php?rest_route=\/wp\/v2\/product\/770"}],"collection":[{"href":"https:\/\/imsecuador.com\/index.php?rest_route=\/wp\/v2\/product"}],"about":[{"href":"https:\/\/imsecuador.com\/index.php?rest_route=\/wp\/v2\/types\/product"}],"wp:featuredmedia":[{"embeddable":true,"href":"https:\/\/imsecuador.com\/index.php?rest_route=\/wp\/v2\/media\/771"}],"wp:attachment":[{"href":"https:\/\/imsecuador.com\/index.php?rest_route=%2Fwp%2Fv2%2Fmedia&parent=770"}],"wp:term":[{"taxonomy":"product_cat","embeddable":true,"href":"https:\/\/imsecuador.com\/index.php?rest_route=%2Fwp%2Fv2%2Fproduct_cat&post=770"},{"taxonomy":"product_tag","embeddable":true,"href":"https:\/\/imsecuador.com\/index.php?rest_route=%2Fwp%2Fv2%2Fproduct_tag&post=770"}],"curies":[{"name":"wp","href":"https:\/\/api.w.org\/{rel}","templated":true}]}}