{"id":1253,"date":"2024-04-04T08:07:51","date_gmt":"2024-04-04T13:07:51","guid":{"rendered":"https:\/\/imsecuador.com\/?post_type=product&#038;p=1253"},"modified":"2024-05-04T07:32:39","modified_gmt":"2024-05-04T12:32:39","slug":"luz-de-chaleco-salvavidas-marca-lalizas-modelo-72349","status":"publish","type":"product","link":"https:\/\/imsecuador.com\/?product=luz-de-chaleco-salvavidas-marca-lalizas-modelo-72349","title":{"rendered":"LUZ DE CHALECO SALVAVIDAS MARCA LALIZAS MODELO 72349"},"content":{"rendered":"<p>DESCRIPCI\u00d3N GENERAL<\/p>\n<p>El alto rendimiento de la bater\u00eda y la activaci\u00f3n autom\u00e1tica en contacto con el agua a\u00f1aden una sensaci\u00f3n de seguridad adicional mientras se navega a bordo. Compatible con todos los cinturones con un ancho de 20-40 mm, al tiempo que garantiza la seguridad contra los movimientos de p\u00e1nico. Bater\u00eda de litio, 5 a\u00f1os de vida \u00fatil. 8 horas de iluminaci\u00f3n desde que se activ\u00f3 la luz. Impermeable y ultrarresistente gracias a su carcasa de Epoxi. Intensidad de la luz&gt;1.2cd. Certificado SOLAS<\/p>\n<ul>\n<li>Tecnolog\u00eda de linternas LED activadas por agua<\/li>\n<li>Luz LED extra potente<\/li>\n<li>Ofrece un menor consumo y una mayor vida \u00fatil y funciona autom\u00e1ticamente cuando entra en contacto con el agua.<\/li>\n<\/ul>\n","protected":false},"excerpt":{"rendered":"<p>DESCRIPCI\u00d3N GENERAL El alto rendimiento de la bater\u00eda y la activaci\u00f3n autom\u00e1tica en contacto con el agua a\u00f1aden una sensaci\u00f3n de seguridad adicional mientras se navega a bordo. Compatible con todos los cinturones con un ancho de 20-40 mm, al tiempo que garantiza la seguridad contra los movimientos de p\u00e1nico. Bater\u00eda de litio, 5 a\u00f1os [&hellip;]<\/p>\n","protected":false},"featured_media":1254,"template":"","meta":{"_joinchat":[]},"product_cat":[32],"product_tag":[],"featured_image_urls":{"full":["https:\/\/imsecuador.com\/wp-content\/uploads\/2024\/04\/LUZ-DE-CHALECO-SALVAVIDAS-MARCA-LALIZAS-MODELO-72349.jpg",800,1067,false],"thumbnail":["https:\/\/imsecuador.com\/wp-content\/uploads\/2024\/04\/LUZ-DE-CHALECO-SALVAVIDAS-MARCA-LALIZAS-MODELO-72349-150x150.jpg",150,150,true],"medium":["https:\/\/imsecuador.com\/wp-content\/uploads\/2024\/04\/LUZ-DE-CHALECO-SALVAVIDAS-MARCA-LALIZAS-MODELO-72349-225x300.jpg",225,300,true],"medium_large":["https:\/\/imsecuador.com\/wp-content\/uploads\/2024\/04\/LUZ-DE-CHALECO-SALVAVIDAS-MARCA-LALIZAS-MODELO-72349-768x1024.jpg",768,1024,true],"large":["https:\/\/imsecuador.com\/wp-content\/uploads\/2024\/04\/LUZ-DE-CHALECO-SALVAVIDAS-MARCA-LALIZAS-MODELO-72349-768x1024.jpg",768,1024,true],"1536x1536":["https:\/\/imsecuador.com\/wp-content\/uploads\/2024\/04\/LUZ-DE-CHALECO-SALVAVIDAS-MARCA-LALIZAS-MODELO-72349.jpg",800,1067,false],"2048x2048":["https:\/\/imsecuador.com\/wp-content\/uploads\/2024\/04\/LUZ-DE-CHALECO-SALVAVIDAS-MARCA-LALIZAS-MODELO-72349.jpg",800,1067,false],"woocommerce_archive_thumbnail":["https:\/\/imsecuador.com\/wp-content\/uploads\/2024\/04\/LUZ-DE-CHALECO-SALVAVIDAS-MARCA-LALIZAS-MODELO-72349-300x400.jpg",300,400,true],"woocommerce_thumbnail":["https:\/\/imsecuador.com\/wp-content\/uploads\/2024\/04\/LUZ-DE-CHALECO-SALVAVIDAS-MARCA-LALIZAS-MODELO-72349-300x300.jpg",300,300,true],"woocommerce_single":["https:\/\/imsecuador.com\/wp-content\/uploads\/2024\/04\/LUZ-DE-CHALECO-SALVAVIDAS-MARCA-LALIZAS-MODELO-72349-600x800.jpg",600,800,true],"woocommerce_gallery_thumbnail":["https:\/\/imsecuador.com\/wp-content\/uploads\/2024\/04\/LUZ-DE-CHALECO-SALVAVIDAS-MARCA-LALIZAS-MODELO-72349-100x100.jpg",100,100,true]},"post_excerpt_stackable":"<p>DESCRIPCI\u00d3N GENERAL El alto rendimiento de la bater\u00eda y la activaci\u00f3n autom\u00e1tica en contacto con el agua a\u00f1aden una sensaci\u00f3n de seguridad adicional mientras se navega a bordo. Compatible con todos los cinturones con un ancho de 20-40 mm, al tiempo que garantiza la seguridad contra los movimientos de p\u00e1nico. Bater\u00eda de litio, 5 a\u00f1os de vida \u00fatil. 8 horas de iluminaci\u00f3n desde que se activ\u00f3 la luz. Impermeable y ultrarresistente gracias a su carcasa de Epoxi. Intensidad de la luz&gt;1.2cd. Certificado SOLAS Tecnolog\u00eda de linternas LED activadas por agua Luz LED extra potente Ofrece un menor consumo y una&hellip;<\/p>\n","category_list":"","author_info":{"name":"","url":""},"comments_num":"0 comentarios","_links":{"self":[{"href":"https:\/\/imsecuador.com\/index.php?rest_route=\/wp\/v2\/product\/1253"}],"collection":[{"href":"https:\/\/imsecuador.com\/index.php?rest_route=\/wp\/v2\/product"}],"about":[{"href":"https:\/\/imsecuador.com\/index.php?rest_route=\/wp\/v2\/types\/product"}],"wp:featuredmedia":[{"embeddable":true,"href":"https:\/\/imsecuador.com\/index.php?rest_route=\/wp\/v2\/media\/1254"}],"wp:attachment":[{"href":"https:\/\/imsecuador.com\/index.php?rest_route=%2Fwp%2Fv2%2Fmedia&parent=1253"}],"wp:term":[{"taxonomy":"product_cat","embeddable":true,"href":"https:\/\/imsecuador.com\/index.php?rest_route=%2Fwp%2Fv2%2Fproduct_cat&post=1253"},{"taxonomy":"product_tag","embeddable":true,"href":"https:\/\/imsecuador.com\/index.php?rest_route=%2Fwp%2Fv2%2Fproduct_tag&post=1253"}],"curies":[{"name":"wp","href":"https:\/\/api.w.org\/{rel}","templated":true}]}}