{"id":1218,"date":"2024-03-19T10:37:01","date_gmt":"2024-03-19T15:37:01","guid":{"rendered":"https:\/\/imsecuador.com\/?post_type=product&#038;p=1218"},"modified":"2024-05-16T08:35:41","modified_gmt":"2024-05-16T13:35:41","slug":"luces-led-intermitente-safelite-iv-on-off-activado-por-agua-para-chaleco-salvavidas-uscg-solas-med-marca-lalizas","status":"publish","type":"product","link":"https:\/\/imsecuador.com\/?product=luces-led-intermitente-safelite-iv-on-off-activado-por-agua-para-chaleco-salvavidas-uscg-solas-med-marca-lalizas","title":{"rendered":"LUCES LED INTERMITENTE \u00abSAFELITE IV\u00bb ON-OFF ACTIVADO POR AGUA PARA CHALECO SALVAVIDAS, USCG, SOLAS\/MED MARCA LALIZAS"},"content":{"rendered":"<h2>Descripci\u00f3n<\/h2>\n<p>LALIZAS puede ofrecerle una amplia gama de equipos de salvamento mar\u00edtimo, incluidas luces intermitentes que se pueden usar en cualquier tipo de chaleco salvavidas para mantenerlo visible en el mar incluso en los peores escenarios.<\/p>\n<p>La luz intermitente del chaleco salvavidas LALIZAS \u00abSafelite IV\u00bb es ideal tanto para embarcaciones en alta mar como en alta mar, capaz de mejorar la seguridad de toda la tripulaci\u00f3n. Su alto rendimiento de bater\u00eda y su activaci\u00f3n autom\u00e1tica al entrar en contacto con el agua a\u00f1aden una sensaci\u00f3n extra de seguridad mientras navega a bordo. Se fabrica bajo las directrices de SOLAS. Las caracter\u00edsticas detalladas de este producto son:<br \/>\n&#8211; Tecnolog\u00eda de linterna LED activada por agua &#8211; Luz<\/p>\n<p>LED extra potente Ofrece un menor consumo y una vida \u00fatil m\u00e1s larga y funciona autom\u00e1ticamente cuando entra en contacto con el agua.<br \/>\n\u2013 Operaci\u00f3n<br \/>\ndel bot\u00f3n ON-OFF Para encenderlo y apagarlo cuando est\u00e1 fuera del agua<br \/>\n\u2013 Cuerpo<br \/>\nde pl\u00e1stico duradero 100% impermeable mediante soldadura por ultrasonido para mayor seguridad.<br \/>\n\u2013 Bater\u00eda<br \/>\nde litio: Garantiza una vida \u00fatil de 5 a\u00f1os y m\u00e1s de 8 horas de funcionamiento continuo. Mejor rendimiento en temperaturas clim\u00e1ticas extremas &#8211; Abrazadera<br \/>\nde tama\u00f1o universal Se ajusta y bloquea f\u00e1cilmente en dos movimientos con cada cintur\u00f3n de chaleco salvavidas de 20 a 40 mm, lo que brinda seguridad y estabilidad contra movimientos<br \/>\nrepentinos de p\u00e1nico<br \/>\n&#8211; Etiqueta<br \/>\nf\u00e1cil de leer para una inspecci\u00f3n instant\u00e1nea.<br \/>\n\u2013 Aprobaci\u00f3n SOLAS\/MED\/USCG<\/p>\n","protected":false},"excerpt":{"rendered":"<p>Descripci\u00f3n LALIZAS puede ofrecerle una amplia gama de equipos de salvamento mar\u00edtimo, incluidas luces intermitentes que se pueden usar en cualquier tipo de chaleco salvavidas para mantenerlo visible en el mar incluso en los peores escenarios. La luz intermitente del chaleco salvavidas LALIZAS \u00abSafelite IV\u00bb es ideal tanto para embarcaciones en alta mar como en [&hellip;]<\/p>\n","protected":false},"featured_media":1219,"template":"","meta":{"_joinchat":[]},"product_cat":[32],"product_tag":[],"featured_image_urls":{"full":["https:\/\/imsecuador.com\/wp-content\/uploads\/2024\/03\/LUCES-LED-PARA-CHALECOS-SALVAVIDAS.jpg",800,1067,false],"thumbnail":["https:\/\/imsecuador.com\/wp-content\/uploads\/2024\/03\/LUCES-LED-PARA-CHALECOS-SALVAVIDAS-150x150.jpg",150,150,true],"medium":["https:\/\/imsecuador.com\/wp-content\/uploads\/2024\/03\/LUCES-LED-PARA-CHALECOS-SALVAVIDAS-225x300.jpg",225,300,true],"medium_large":["https:\/\/imsecuador.com\/wp-content\/uploads\/2024\/03\/LUCES-LED-PARA-CHALECOS-SALVAVIDAS-768x1024.jpg",768,1024,true],"large":["https:\/\/imsecuador.com\/wp-content\/uploads\/2024\/03\/LUCES-LED-PARA-CHALECOS-SALVAVIDAS-768x1024.jpg",768,1024,true],"1536x1536":["https:\/\/imsecuador.com\/wp-content\/uploads\/2024\/03\/LUCES-LED-PARA-CHALECOS-SALVAVIDAS.jpg",800,1067,false],"2048x2048":["https:\/\/imsecuador.com\/wp-content\/uploads\/2024\/03\/LUCES-LED-PARA-CHALECOS-SALVAVIDAS.jpg",800,1067,false],"woocommerce_archive_thumbnail":["https:\/\/imsecuador.com\/wp-content\/uploads\/2024\/03\/LUCES-LED-PARA-CHALECOS-SALVAVIDAS-300x400.jpg",300,400,true],"woocommerce_thumbnail":["https:\/\/imsecuador.com\/wp-content\/uploads\/2024\/03\/LUCES-LED-PARA-CHALECOS-SALVAVIDAS-300x300.jpg",300,300,true],"woocommerce_single":["https:\/\/imsecuador.com\/wp-content\/uploads\/2024\/03\/LUCES-LED-PARA-CHALECOS-SALVAVIDAS-600x800.jpg",600,800,true],"woocommerce_gallery_thumbnail":["https:\/\/imsecuador.com\/wp-content\/uploads\/2024\/03\/LUCES-LED-PARA-CHALECOS-SALVAVIDAS-100x100.jpg",100,100,true]},"post_excerpt_stackable":"<p>Descripci\u00f3n LALIZAS puede ofrecerle una amplia gama de equipos de salvamento mar\u00edtimo, incluidas luces intermitentes que se pueden usar en cualquier tipo de chaleco salvavidas para mantenerlo visible en el mar incluso en los peores escenarios. La luz intermitente del chaleco salvavidas LALIZAS \u00abSafelite IV\u00bb es ideal tanto para embarcaciones en alta mar como en alta mar, capaz de mejorar la seguridad de toda la tripulaci\u00f3n. Su alto rendimiento de bater\u00eda y su activaci\u00f3n autom\u00e1tica al entrar en contacto con el agua a\u00f1aden una sensaci\u00f3n extra de seguridad mientras navega a bordo. Se fabrica bajo las directrices de SOLAS. Las&hellip;<\/p>\n","category_list":"","author_info":{"name":"","url":""},"comments_num":"0 comentarios","_links":{"self":[{"href":"https:\/\/imsecuador.com\/index.php?rest_route=\/wp\/v2\/product\/1218"}],"collection":[{"href":"https:\/\/imsecuador.com\/index.php?rest_route=\/wp\/v2\/product"}],"about":[{"href":"https:\/\/imsecuador.com\/index.php?rest_route=\/wp\/v2\/types\/product"}],"wp:featuredmedia":[{"embeddable":true,"href":"https:\/\/imsecuador.com\/index.php?rest_route=\/wp\/v2\/media\/1219"}],"wp:attachment":[{"href":"https:\/\/imsecuador.com\/index.php?rest_route=%2Fwp%2Fv2%2Fmedia&parent=1218"}],"wp:term":[{"taxonomy":"product_cat","embeddable":true,"href":"https:\/\/imsecuador.com\/index.php?rest_route=%2Fwp%2Fv2%2Fproduct_cat&post=1218"},{"taxonomy":"product_tag","embeddable":true,"href":"https:\/\/imsecuador.com\/index.php?rest_route=%2Fwp%2Fv2%2Fproduct_tag&post=1218"}],"curies":[{"name":"wp","href":"https:\/\/api.w.org\/{rel}","templated":true}]}}