{"id":1216,"date":"2024-03-19T10:10:39","date_gmt":"2024-03-19T15:10:39","guid":{"rendered":"https:\/\/imsecuador.com\/?post_type=product&#038;p=1216"},"modified":"2024-05-16T08:43:21","modified_gmt":"2024-05-16T13:43:21","slug":"defensa-para-barcos-bote-yate-h9-28x109cm-marca-ocean-p-n-71991","status":"publish","type":"product","link":"https:\/\/imsecuador.com\/?product=defensa-para-barcos-bote-yate-h9-28x109cm-marca-ocean-p-n-71991","title":{"rendered":"DEFENSA PARA BARCOS-BOTE-YATE H9 28x109cm MARCA OCEAN P\/N 71991"},"content":{"rendered":"<p>Ocean&#8217;s\u00a0<strong>Classic<\/strong>\u00a0<strong>Fenders\u00a0<\/strong>es una serie de\u00a0<strong>defensas para embarcaciones de calidad superior<\/strong>\u00a0que ofrecen una excelente\u00a0<strong>protecci\u00f3n<\/strong>\u00a0para cualquier embarcaci\u00f3n diferente. Est\u00e1n hechos de\u00a0<u>PVC Plastisol<\/u>\u00a0con\u00a0<u>procedimiento de moldeo por rotaci\u00f3n<\/u>. Tambi\u00e9n son\u00a0<strong>resistentes a los rayos UV<\/strong>\u00a0por su protecci\u00f3n de la luz solar.<\/p>\n<p>Est\u00e1n hechos\u00a0<strong>de una sola pieza<\/strong>, lo que significa que no se unen piezas para formar el guardabarros finalizado, y tambi\u00e9n tienen un\u00a0<strong>grosor de pared constante<\/strong>.<\/p>\n<p><strong>La serie H<\/strong>\u00a0son\u00a0<strong>defensas para embarcaciones de alta resistencia<\/strong>\u00a0en las que las sujeciones de cuerda s\u00f3lida reforzada con costillas en los dos lados de la defensa est\u00e1n hechas de tal manera que proporcionan resistencia y durabilidad adicionales para la defensa. Un guardabarros vers\u00e1til para las condiciones m\u00e1s adversas. Adecuado para cualquier uso y cualquier tipo de embarcaci\u00f3n de 10 a 50 pies, las defensas Ocean \u00abse defienden\u00bb con orgullo.<\/p>\n<div class=\"row margin-bottom-20\">\n<div class=\"col-md-4\"><strong>Presi\u00f3n de inflado:<\/strong><br \/>\n2,1 lbs \/ 0,15 bar a 68 \u00b0F \/ 20 \u00b0C<\/div>\n<div class=\"col-md-4\"><strong>Material:<\/strong><br \/>\nPVC Plastisol<\/div>\n<div class=\"col-md-4\"><strong>Pr<\/strong><\/div>\n<\/div>\n","protected":false},"excerpt":{"rendered":"<p>Ocean&#8217;s\u00a0Classic\u00a0Fenders\u00a0es una serie de\u00a0defensas para embarcaciones de calidad superior\u00a0que ofrecen una excelente\u00a0protecci\u00f3n\u00a0para cualquier embarcaci\u00f3n diferente. Est\u00e1n hechos de\u00a0PVC Plastisol\u00a0con\u00a0procedimiento de moldeo por rotaci\u00f3n. Tambi\u00e9n son\u00a0resistentes a los rayos UV\u00a0por su protecci\u00f3n de la luz solar. Est\u00e1n hechos\u00a0de una sola pieza, lo que significa que no se unen piezas para formar el guardabarros finalizado, y tambi\u00e9n [&hellip;]<\/p>\n","protected":false},"featured_media":1210,"template":"","meta":{"_joinchat":[]},"product_cat":[32],"product_tag":[],"featured_image_urls":{"full":["https:\/\/imsecuador.com\/wp-content\/uploads\/2024\/03\/DEFENSA-PARA-BOTE-O-BARCO.jpg",800,1067,false],"thumbnail":["https:\/\/imsecuador.com\/wp-content\/uploads\/2024\/03\/DEFENSA-PARA-BOTE-O-BARCO-150x150.jpg",150,150,true],"medium":["https:\/\/imsecuador.com\/wp-content\/uploads\/2024\/03\/DEFENSA-PARA-BOTE-O-BARCO-225x300.jpg",225,300,true],"medium_large":["https:\/\/imsecuador.com\/wp-content\/uploads\/2024\/03\/DEFENSA-PARA-BOTE-O-BARCO-768x1024.jpg",768,1024,true],"large":["https:\/\/imsecuador.com\/wp-content\/uploads\/2024\/03\/DEFENSA-PARA-BOTE-O-BARCO-768x1024.jpg",768,1024,true],"1536x1536":["https:\/\/imsecuador.com\/wp-content\/uploads\/2024\/03\/DEFENSA-PARA-BOTE-O-BARCO.jpg",800,1067,false],"2048x2048":["https:\/\/imsecuador.com\/wp-content\/uploads\/2024\/03\/DEFENSA-PARA-BOTE-O-BARCO.jpg",800,1067,false],"woocommerce_archive_thumbnail":["https:\/\/imsecuador.com\/wp-content\/uploads\/2024\/03\/DEFENSA-PARA-BOTE-O-BARCO-300x400.jpg",300,400,true],"woocommerce_thumbnail":["https:\/\/imsecuador.com\/wp-content\/uploads\/2024\/03\/DEFENSA-PARA-BOTE-O-BARCO-300x300.jpg",300,300,true],"woocommerce_single":["https:\/\/imsecuador.com\/wp-content\/uploads\/2024\/03\/DEFENSA-PARA-BOTE-O-BARCO-600x800.jpg",600,800,true],"woocommerce_gallery_thumbnail":["https:\/\/imsecuador.com\/wp-content\/uploads\/2024\/03\/DEFENSA-PARA-BOTE-O-BARCO-100x100.jpg",100,100,true]},"post_excerpt_stackable":"<p>Ocean&#8217;s\u00a0Classic\u00a0Fenders\u00a0es una serie de\u00a0defensas para embarcaciones de calidad superior\u00a0que ofrecen una excelente\u00a0protecci\u00f3n\u00a0para cualquier embarcaci\u00f3n diferente. Est\u00e1n hechos de\u00a0PVC Plastisol\u00a0con\u00a0procedimiento de moldeo por rotaci\u00f3n. Tambi\u00e9n son\u00a0resistentes a los rayos UV\u00a0por su protecci\u00f3n de la luz solar. Est\u00e1n hechos\u00a0de una sola pieza, lo que significa que no se unen piezas para formar el guardabarros finalizado, y tambi\u00e9n tienen un\u00a0grosor de pared constante. La serie H\u00a0son\u00a0defensas para embarcaciones de alta resistencia\u00a0en las que las sujeciones de cuerda s\u00f3lida reforzada con costillas en los dos lados de la defensa est\u00e1n hechas de tal manera que proporcionan resistencia y durabilidad adicionales para la defensa. Un&hellip;<\/p>\n","category_list":"","author_info":{"name":"","url":""},"comments_num":"0 comentarios","_links":{"self":[{"href":"https:\/\/imsecuador.com\/index.php?rest_route=\/wp\/v2\/product\/1216"}],"collection":[{"href":"https:\/\/imsecuador.com\/index.php?rest_route=\/wp\/v2\/product"}],"about":[{"href":"https:\/\/imsecuador.com\/index.php?rest_route=\/wp\/v2\/types\/product"}],"wp:featuredmedia":[{"embeddable":true,"href":"https:\/\/imsecuador.com\/index.php?rest_route=\/wp\/v2\/media\/1210"}],"wp:attachment":[{"href":"https:\/\/imsecuador.com\/index.php?rest_route=%2Fwp%2Fv2%2Fmedia&parent=1216"}],"wp:term":[{"taxonomy":"product_cat","embeddable":true,"href":"https:\/\/imsecuador.com\/index.php?rest_route=%2Fwp%2Fv2%2Fproduct_cat&post=1216"},{"taxonomy":"product_tag","embeddable":true,"href":"https:\/\/imsecuador.com\/index.php?rest_route=%2Fwp%2Fv2%2Fproduct_tag&post=1216"}],"curies":[{"name":"wp","href":"https:\/\/api.w.org\/{rel}","templated":true}]}}