{"id":1214,"date":"2024-03-19T10:00:53","date_gmt":"2024-03-19T15:00:53","guid":{"rendered":"https:\/\/imsecuador.com\/?post_type=product&#038;p=1214"},"modified":"2024-05-16T08:44:43","modified_gmt":"2024-05-16T13:44:43","slug":"defensa-para-barcos-o-bote-h7-28x76cm-marca-ocean-p-n-71989","status":"publish","type":"product","link":"https:\/\/imsecuador.com\/?product=defensa-para-barcos-o-bote-h7-28x76cm-marca-ocean-p-n-71989","title":{"rendered":"DEFENSA PARA BARCOS O BOTE H7 28x76cm MARCA OCEAN P\/N 71989"},"content":{"rendered":"<p><b>Defensa para yate &#8211; bote &#8211; barco marca OCEAN<\/b><\/p>\n<p>Defensas para yates;\u00a0<b>Ocean&#8217;s Heavy Duty Fender<\/b>, es una serie de\u00a0<b>defensas<\/b>\u00a0de primera calidad que proporcionan una excelente protecci\u00f3n para cualquier embarcaci\u00f3n. Est\u00e1n fabricados en PVC Plastisol mediante moldeo rotacional. Tambi\u00e9n son resistentes a los rayos UV, lo que los hace resistentes a la luz solar intensa. Est\u00e1n hechos de una sola pieza, lo que significa que no hay partes conectadas. Las defensas para yates de la serie H \u00bb Heave Duty \u00bb son\u00a0<b>defensas para yates<\/b>\u00a0de alta resistencia.\u00a0<b>Defensas oce\u00e1nicas<\/b>\u00a0El Fender Heave Duty tiene un soporte de cuerda resistente a ambos lados del guardabarros. Est\u00e1n hechos de tal manera que proporcionan resistencia y durabilidad adicionales al guardabarros.<\/p>\n<p>Dise\u00f1ado para embarcaciones de 30-45 pies &#8211; 9-14m<\/p>\n<p>Color; blanco\/azul<\/p>\n<p>Tama\u00f1o del guardabarros<\/p>\n<p>Ancho &#8211; 280 mm<\/p>\n<p>Longitud &#8211; 760 mm<\/p>\n<p>Tama\u00f1o del orificio: 22 mm<\/p>\n<p>Peso 2,3 kg<\/p>\n<p>Volumen &#8211; 23,2 L<\/p>\n","protected":false},"excerpt":{"rendered":"<p>Defensa para yate &#8211; bote &#8211; barco marca OCEAN Defensas para yates;\u00a0Ocean&#8217;s Heavy Duty Fender, es una serie de\u00a0defensas\u00a0de primera calidad que proporcionan una excelente protecci\u00f3n para cualquier embarcaci\u00f3n. Est\u00e1n fabricados en PVC Plastisol mediante moldeo rotacional. Tambi\u00e9n son resistentes a los rayos UV, lo que los hace resistentes a la luz solar intensa. Est\u00e1n [&hellip;]<\/p>\n","protected":false},"featured_media":1210,"template":"","meta":{"_joinchat":[]},"product_cat":[32],"product_tag":[],"featured_image_urls":{"full":["https:\/\/imsecuador.com\/wp-content\/uploads\/2024\/03\/DEFENSA-PARA-BOTE-O-BARCO.jpg",800,1067,false],"thumbnail":["https:\/\/imsecuador.com\/wp-content\/uploads\/2024\/03\/DEFENSA-PARA-BOTE-O-BARCO-150x150.jpg",150,150,true],"medium":["https:\/\/imsecuador.com\/wp-content\/uploads\/2024\/03\/DEFENSA-PARA-BOTE-O-BARCO-225x300.jpg",225,300,true],"medium_large":["https:\/\/imsecuador.com\/wp-content\/uploads\/2024\/03\/DEFENSA-PARA-BOTE-O-BARCO-768x1024.jpg",768,1024,true],"large":["https:\/\/imsecuador.com\/wp-content\/uploads\/2024\/03\/DEFENSA-PARA-BOTE-O-BARCO-768x1024.jpg",768,1024,true],"1536x1536":["https:\/\/imsecuador.com\/wp-content\/uploads\/2024\/03\/DEFENSA-PARA-BOTE-O-BARCO.jpg",800,1067,false],"2048x2048":["https:\/\/imsecuador.com\/wp-content\/uploads\/2024\/03\/DEFENSA-PARA-BOTE-O-BARCO.jpg",800,1067,false],"woocommerce_archive_thumbnail":["https:\/\/imsecuador.com\/wp-content\/uploads\/2024\/03\/DEFENSA-PARA-BOTE-O-BARCO-300x400.jpg",300,400,true],"woocommerce_thumbnail":["https:\/\/imsecuador.com\/wp-content\/uploads\/2024\/03\/DEFENSA-PARA-BOTE-O-BARCO-300x300.jpg",300,300,true],"woocommerce_single":["https:\/\/imsecuador.com\/wp-content\/uploads\/2024\/03\/DEFENSA-PARA-BOTE-O-BARCO-600x800.jpg",600,800,true],"woocommerce_gallery_thumbnail":["https:\/\/imsecuador.com\/wp-content\/uploads\/2024\/03\/DEFENSA-PARA-BOTE-O-BARCO-100x100.jpg",100,100,true]},"post_excerpt_stackable":"<p>Defensa para yate &#8211; bote &#8211; barco marca OCEAN Defensas para yates;\u00a0Ocean&#8217;s Heavy Duty Fender, es una serie de\u00a0defensas\u00a0de primera calidad que proporcionan una excelente protecci\u00f3n para cualquier embarcaci\u00f3n. Est\u00e1n fabricados en PVC Plastisol mediante moldeo rotacional. Tambi\u00e9n son resistentes a los rayos UV, lo que los hace resistentes a la luz solar intensa. Est\u00e1n hechos de una sola pieza, lo que significa que no hay partes conectadas. Las defensas para yates de la serie H \u00bb Heave Duty \u00bb son\u00a0defensas para yates\u00a0de alta resistencia.\u00a0Defensas oce\u00e1nicas\u00a0El Fender Heave Duty tiene un soporte de cuerda resistente a ambos lados del guardabarros.&hellip;<\/p>\n","category_list":"","author_info":{"name":"","url":""},"comments_num":"0 comentarios","_links":{"self":[{"href":"https:\/\/imsecuador.com\/index.php?rest_route=\/wp\/v2\/product\/1214"}],"collection":[{"href":"https:\/\/imsecuador.com\/index.php?rest_route=\/wp\/v2\/product"}],"about":[{"href":"https:\/\/imsecuador.com\/index.php?rest_route=\/wp\/v2\/types\/product"}],"wp:featuredmedia":[{"embeddable":true,"href":"https:\/\/imsecuador.com\/index.php?rest_route=\/wp\/v2\/media\/1210"}],"wp:attachment":[{"href":"https:\/\/imsecuador.com\/index.php?rest_route=%2Fwp%2Fv2%2Fmedia&parent=1214"}],"wp:term":[{"taxonomy":"product_cat","embeddable":true,"href":"https:\/\/imsecuador.com\/index.php?rest_route=%2Fwp%2Fv2%2Fproduct_cat&post=1214"},{"taxonomy":"product_tag","embeddable":true,"href":"https:\/\/imsecuador.com\/index.php?rest_route=%2Fwp%2Fv2%2Fproduct_tag&post=1214"}],"curies":[{"name":"wp","href":"https:\/\/api.w.org\/{rel}","templated":true}]}}