{"id":1209,"date":"2024-03-19T09:46:11","date_gmt":"2024-03-19T14:46:11","guid":{"rendered":"https:\/\/imsecuador.com\/?post_type=product&#038;p=1209"},"modified":"2024-05-17T07:24:44","modified_gmt":"2024-05-17T12:24:44","slug":"defensa-para-barcos-o-bote-marca-ocean","status":"publish","type":"product","link":"https:\/\/imsecuador.com\/?product=defensa-para-barcos-o-bote-marca-ocean","title":{"rendered":"DEFENSA PARA BARCOS O BOTE H3 16x56cm MARCA OCEAN"},"content":{"rendered":"<p>Los topes cl\u00e1sicos son topes para barcos o botes que proporcionan una excelente protecci\u00f3n. Est\u00e1n fabricados en plastisol de PVC con fundici\u00f3n rotativa. Tambi\u00e9n son resistentes a los rayos UV: protegen de la luz solar.<\/p>\n<p>Est\u00e1n hechos en una sola pieza, lo que significa que ninguna pieza est\u00e1 conectada entre s\u00ed para formar el parachoques final y tener el mismo grosor de pared.<\/p>\n<p>Parachoques de alta calidad y alto rendimiento dise\u00f1ados para una mayor resistencia y durabilidad. Son universales y se fabrican en las condiciones m\u00e1s adversas. Son aptas para cualquier uso y cualquier tipo de embarcaci\u00f3n, desde 10 hasta 50 pies.<\/p>\n<ul>\n<li><strong>Presi\u00f3n de inflado:<\/strong><br \/>\n0,15 bar \/ 0,15 bar a 20 \u00b0C<\/li>\n<li><strong>material:<\/strong><br \/>\nPVC plastisol<\/li>\n<li><strong>Proceso de producci\u00f3n:<br \/>\n<\/strong>Fundici\u00f3n rotativa<\/li>\n<\/ul>\n","protected":false},"excerpt":{"rendered":"<p>Los topes cl\u00e1sicos son topes para barcos o botes que proporcionan una excelente protecci\u00f3n. Est\u00e1n fabricados en plastisol de PVC con fundici\u00f3n rotativa. Tambi\u00e9n son resistentes a los rayos UV: protegen de la luz solar. Est\u00e1n hechos en una sola pieza, lo que significa que ninguna pieza est\u00e1 conectada entre s\u00ed para formar el parachoques [&hellip;]<\/p>\n","protected":false},"featured_media":1210,"template":"","meta":{"_joinchat":[]},"product_cat":[32],"product_tag":[],"featured_image_urls":{"full":["https:\/\/imsecuador.com\/wp-content\/uploads\/2024\/03\/DEFENSA-PARA-BOTE-O-BARCO.jpg",800,1067,false],"thumbnail":["https:\/\/imsecuador.com\/wp-content\/uploads\/2024\/03\/DEFENSA-PARA-BOTE-O-BARCO-150x150.jpg",150,150,true],"medium":["https:\/\/imsecuador.com\/wp-content\/uploads\/2024\/03\/DEFENSA-PARA-BOTE-O-BARCO-225x300.jpg",225,300,true],"medium_large":["https:\/\/imsecuador.com\/wp-content\/uploads\/2024\/03\/DEFENSA-PARA-BOTE-O-BARCO-768x1024.jpg",768,1024,true],"large":["https:\/\/imsecuador.com\/wp-content\/uploads\/2024\/03\/DEFENSA-PARA-BOTE-O-BARCO-768x1024.jpg",768,1024,true],"1536x1536":["https:\/\/imsecuador.com\/wp-content\/uploads\/2024\/03\/DEFENSA-PARA-BOTE-O-BARCO.jpg",800,1067,false],"2048x2048":["https:\/\/imsecuador.com\/wp-content\/uploads\/2024\/03\/DEFENSA-PARA-BOTE-O-BARCO.jpg",800,1067,false],"woocommerce_archive_thumbnail":["https:\/\/imsecuador.com\/wp-content\/uploads\/2024\/03\/DEFENSA-PARA-BOTE-O-BARCO-300x400.jpg",300,400,true],"woocommerce_thumbnail":["https:\/\/imsecuador.com\/wp-content\/uploads\/2024\/03\/DEFENSA-PARA-BOTE-O-BARCO-300x300.jpg",300,300,true],"woocommerce_single":["https:\/\/imsecuador.com\/wp-content\/uploads\/2024\/03\/DEFENSA-PARA-BOTE-O-BARCO-600x800.jpg",600,800,true],"woocommerce_gallery_thumbnail":["https:\/\/imsecuador.com\/wp-content\/uploads\/2024\/03\/DEFENSA-PARA-BOTE-O-BARCO-100x100.jpg",100,100,true]},"post_excerpt_stackable":"<p>Los topes cl\u00e1sicos son topes para barcos o botes que proporcionan una excelente protecci\u00f3n. Est\u00e1n fabricados en plastisol de PVC con fundici\u00f3n rotativa. Tambi\u00e9n son resistentes a los rayos UV: protegen de la luz solar. Est\u00e1n hechos en una sola pieza, lo que significa que ninguna pieza est\u00e1 conectada entre s\u00ed para formar el parachoques final y tener el mismo grosor de pared. Parachoques de alta calidad y alto rendimiento dise\u00f1ados para una mayor resistencia y durabilidad. Son universales y se fabrican en las condiciones m\u00e1s adversas. Son aptas para cualquier uso y cualquier tipo de embarcaci\u00f3n, desde 10 hasta&hellip;<\/p>\n","category_list":"","author_info":{"name":"","url":""},"comments_num":"0 comentarios","_links":{"self":[{"href":"https:\/\/imsecuador.com\/index.php?rest_route=\/wp\/v2\/product\/1209"}],"collection":[{"href":"https:\/\/imsecuador.com\/index.php?rest_route=\/wp\/v2\/product"}],"about":[{"href":"https:\/\/imsecuador.com\/index.php?rest_route=\/wp\/v2\/types\/product"}],"wp:featuredmedia":[{"embeddable":true,"href":"https:\/\/imsecuador.com\/index.php?rest_route=\/wp\/v2\/media\/1210"}],"wp:attachment":[{"href":"https:\/\/imsecuador.com\/index.php?rest_route=%2Fwp%2Fv2%2Fmedia&parent=1209"}],"wp:term":[{"taxonomy":"product_cat","embeddable":true,"href":"https:\/\/imsecuador.com\/index.php?rest_route=%2Fwp%2Fv2%2Fproduct_cat&post=1209"},{"taxonomy":"product_tag","embeddable":true,"href":"https:\/\/imsecuador.com\/index.php?rest_route=%2Fwp%2Fv2%2Fproduct_tag&post=1209"}],"curies":[{"name":"wp","href":"https:\/\/api.w.org\/{rel}","templated":true}]}}