{"id":1189,"date":"2024-03-13T00:09:08","date_gmt":"2024-03-13T05:09:08","guid":{"rendered":"https:\/\/imsecuador.com\/?post_type=product&#038;p=1189"},"modified":"2024-03-13T00:09:08","modified_gmt":"2024-03-13T05:09:08","slug":"consola-de-navegacion-200-modelo-cg3206","status":"publish","type":"product","link":"https:\/\/imsecuador.com\/?product=consola-de-navegacion-200-modelo-cg3206","title":{"rendered":"CONSOLA DE NAVEGACI\u00d3N 200&#8243; MODELO CG3206"},"content":{"rendered":"<h2 class=\"tabSectionHeader\">CARACTER\u00cdSTICAS PRINCIPALES<\/h2>\n<div class=\"widget-filter\">\n<ul>\n<li>Control de instrumentos anal\u00f3gicos en unidades imperiales<\/li>\n<li>Bota ergon\u00f3mica resistente a los impactos<\/li>\n<li>Medidor de profundidad lleno de aire de 200&#8242;<\/li>\n<li>Codificaci\u00f3n estrat\u00e9gica de colores de profundidad y presi\u00f3n<\/li>\n<li>Br\u00fajula llena de l\u00edquido<\/li>\n<\/ul>\n<\/div>\n","protected":false},"excerpt":{"rendered":"<p>CARACTER\u00cdSTICAS PRINCIPALES Control de instrumentos anal\u00f3gicos en unidades imperiales Bota ergon\u00f3mica resistente a los impactos Medidor de profundidad lleno de aire de 200&#8242; Codificaci\u00f3n estrat\u00e9gica de colores de profundidad y presi\u00f3n Br\u00fajula llena de l\u00edquido<\/p>\n","protected":false},"featured_media":1190,"template":"","meta":{"_joinchat":[]},"product_cat":[34],"product_tag":[],"featured_image_urls":{"full":["https:\/\/imsecuador.com\/wp-content\/uploads\/2024\/03\/CONSOLA-DE-NAVEGACION-200_-MODELO-CG3206.jpg",800,1067,false],"thumbnail":["https:\/\/imsecuador.com\/wp-content\/uploads\/2024\/03\/CONSOLA-DE-NAVEGACION-200_-MODELO-CG3206-150x150.jpg",150,150,true],"medium":["https:\/\/imsecuador.com\/wp-content\/uploads\/2024\/03\/CONSOLA-DE-NAVEGACION-200_-MODELO-CG3206-225x300.jpg",225,300,true],"medium_large":["https:\/\/imsecuador.com\/wp-content\/uploads\/2024\/03\/CONSOLA-DE-NAVEGACION-200_-MODELO-CG3206-768x1024.jpg",768,1024,true],"large":["https:\/\/imsecuador.com\/wp-content\/uploads\/2024\/03\/CONSOLA-DE-NAVEGACION-200_-MODELO-CG3206-768x1024.jpg",768,1024,true],"1536x1536":["https:\/\/imsecuador.com\/wp-content\/uploads\/2024\/03\/CONSOLA-DE-NAVEGACION-200_-MODELO-CG3206.jpg",800,1067,false],"2048x2048":["https:\/\/imsecuador.com\/wp-content\/uploads\/2024\/03\/CONSOLA-DE-NAVEGACION-200_-MODELO-CG3206.jpg",800,1067,false],"woocommerce_archive_thumbnail":["https:\/\/imsecuador.com\/wp-content\/uploads\/2024\/03\/CONSOLA-DE-NAVEGACION-200_-MODELO-CG3206-300x400.jpg",300,400,true],"woocommerce_thumbnail":["https:\/\/imsecuador.com\/wp-content\/uploads\/2024\/03\/CONSOLA-DE-NAVEGACION-200_-MODELO-CG3206-300x300.jpg",300,300,true],"woocommerce_single":["https:\/\/imsecuador.com\/wp-content\/uploads\/2024\/03\/CONSOLA-DE-NAVEGACION-200_-MODELO-CG3206-600x800.jpg",600,800,true],"woocommerce_gallery_thumbnail":["https:\/\/imsecuador.com\/wp-content\/uploads\/2024\/03\/CONSOLA-DE-NAVEGACION-200_-MODELO-CG3206-100x100.jpg",100,100,true]},"post_excerpt_stackable":"<p>CARACTER\u00cdSTICAS PRINCIPALES Control de instrumentos anal\u00f3gicos en unidades imperiales Bota ergon\u00f3mica resistente a los impactos Medidor de profundidad lleno de aire de 200&#8242; Codificaci\u00f3n estrat\u00e9gica de colores de profundidad y presi\u00f3n Br\u00fajula llena de l\u00edquido<\/p>\n","category_list":"","author_info":{"name":"","url":""},"comments_num":"0 comentarios","_links":{"self":[{"href":"https:\/\/imsecuador.com\/index.php?rest_route=\/wp\/v2\/product\/1189"}],"collection":[{"href":"https:\/\/imsecuador.com\/index.php?rest_route=\/wp\/v2\/product"}],"about":[{"href":"https:\/\/imsecuador.com\/index.php?rest_route=\/wp\/v2\/types\/product"}],"wp:featuredmedia":[{"embeddable":true,"href":"https:\/\/imsecuador.com\/index.php?rest_route=\/wp\/v2\/media\/1190"}],"wp:attachment":[{"href":"https:\/\/imsecuador.com\/index.php?rest_route=%2Fwp%2Fv2%2Fmedia&parent=1189"}],"wp:term":[{"taxonomy":"product_cat","embeddable":true,"href":"https:\/\/imsecuador.com\/index.php?rest_route=%2Fwp%2Fv2%2Fproduct_cat&post=1189"},{"taxonomy":"product_tag","embeddable":true,"href":"https:\/\/imsecuador.com\/index.php?rest_route=%2Fwp%2Fv2%2Fproduct_tag&post=1189"}],"curies":[{"name":"wp","href":"https:\/\/api.w.org\/{rel}","templated":true}]}}