{"id":1182,"date":"2024-03-12T10:18:18","date_gmt":"2024-03-12T15:18:18","guid":{"rendered":"https:\/\/imsecuador.com\/?post_type=product&#038;p=1182"},"modified":"2024-03-25T10:15:15","modified_gmt":"2024-03-25T15:15:15","slug":"aqua-estroboscopico-led","status":"publish","type":"product","link":"https:\/\/imsecuador.com\/?product=aqua-estroboscopico-led","title":{"rendered":"AQUA ESTROBOSC\u00d3PICO LED"},"content":{"rendered":"","protected":false},"excerpt":{"rendered":"<h2>Detalles del producto<\/h2>\n<div class=\"product-details-col-wrapper\">\n<div class=\"product-details-col-1\">\n<p>Usando el LED de la m\u00e1s alta calidad disponible, el LED estrobosc\u00f3pico Aqua de Princeton Tec seguramente llamar\u00e1 la atenci\u00f3n, ya sea en su PFD o en su embarcaci\u00f3n.<\/p>\n<ul>\n<li>El LED Maxbright de Princeton Tec es extremadamente brillante y eficiente, emitiendo una luz blanca suave y potente \u00fatil para una amplia gama de tareas.<\/li>\n<li>El cono flotante mantiene la luz apuntando hacia arriba, ya sea bajo el agua o en la superficie, para una visibilidad de 360 grados.<\/li>\n<li>La operaci\u00f3n de giro simple y confiable activa esta luz alimentada por pilas AA y evita la activaci\u00f3n accidental. (Bater\u00eda incluida).<\/li>\n<li>La clasificaci\u00f3n de impermeabilidad de nivel 3 de Princeton Tec (equivalente a IPX8) garantiza la integridad a prueba de agua para una inmersi\u00f3n continua en agua a profundidades de hasta 100 metros.<\/li>\n<li>100 l\u00famenes de luz son visibles a m\u00e1s de una milla y tienen un tiempo de combusti\u00f3n de 12 horas.<\/li>\n<li>La correa de velcro incluida le permite sujetar el Aqua Strobe a su PFD, bote u otro equipo.<\/li>\n<\/ul>\n<\/div>\n<h3>Especificaciones<\/h3>\n<div id=\"compare\">\n<table>\n<tbody>\n<tr>\n<th>Categor\u00eda:<\/th>\n<td>\n<ul>\n<li>Estrobosc\u00f3pico<\/li>\n<\/ul>\n<\/td>\n<\/tr>\n<tr>\n<th>Dimensiones:<\/th>\n<td>5.5<\/td>\n<\/tr>\n<tr>\n<th>L\u00famenes:<\/th>\n<td>100<\/td>\n<\/tr>\n<tr>\n<th>Tipo de bombilla:<\/th>\n<td>1 luz estrobosc\u00f3pica LED Maxbright blanca<\/td>\n<\/tr>\n<tr>\n<th>Tiempo de grabaci\u00f3n en modo flash:<\/th>\n<td>12 horas<\/td>\n<\/tr>\n<tr>\n<th>Tipo de bater\u00eda:<\/th>\n<td>\n<ul>\n<li>1 &#8211; AA alcalino<\/li>\n<\/ul>\n<\/td>\n<\/tr>\n<tr>\n<th>Peso (sin pilas):<\/th>\n<td>86 g (3 onzas)<\/td>\n<\/tr>\n<tr>\n<th>Pilas incluidas:<\/th>\n<td>S\u00ed<\/td>\n<\/tr>\n<tr>\n<th>Incluye:<\/th>\n<td>\n<ul>\n<li>Correa de velcro<\/li>\n<li>Acollador<\/li>\n<\/ul>\n<\/td>\n<\/tr>\n<tr>\n<th>Funciones:<\/th>\n<td>\n<ul>\n<li>Resistente al agua hasta 100 m<\/li>\n<\/ul>\n<\/td>\n<\/tr>\n<\/tbody>\n<\/table>\n<\/div>\n<\/div>\n","protected":false},"featured_media":1183,"template":"","meta":{"_joinchat":[]},"product_cat":[34],"product_tag":[],"featured_image_urls":{"full":["https:\/\/imsecuador.com\/wp-content\/uploads\/2024\/03\/AQUA-ESTROBOSCOPICO-LED.jpg",800,1067,false],"thumbnail":["https:\/\/imsecuador.com\/wp-content\/uploads\/2024\/03\/AQUA-ESTROBOSCOPICO-LED-150x150.jpg",150,150,true],"medium":["https:\/\/imsecuador.com\/wp-content\/uploads\/2024\/03\/AQUA-ESTROBOSCOPICO-LED-225x300.jpg",225,300,true],"medium_large":["https:\/\/imsecuador.com\/wp-content\/uploads\/2024\/03\/AQUA-ESTROBOSCOPICO-LED-768x1024.jpg",768,1024,true],"large":["https:\/\/imsecuador.com\/wp-content\/uploads\/2024\/03\/AQUA-ESTROBOSCOPICO-LED-768x1024.jpg",768,1024,true],"1536x1536":["https:\/\/imsecuador.com\/wp-content\/uploads\/2024\/03\/AQUA-ESTROBOSCOPICO-LED.jpg",800,1067,false],"2048x2048":["https:\/\/imsecuador.com\/wp-content\/uploads\/2024\/03\/AQUA-ESTROBOSCOPICO-LED.jpg",800,1067,false],"woocommerce_archive_thumbnail":["https:\/\/imsecuador.com\/wp-content\/uploads\/2024\/03\/AQUA-ESTROBOSCOPICO-LED-300x400.jpg",300,400,true],"woocommerce_thumbnail":["https:\/\/imsecuador.com\/wp-content\/uploads\/2024\/03\/AQUA-ESTROBOSCOPICO-LED-300x300.jpg",300,300,true],"woocommerce_single":["https:\/\/imsecuador.com\/wp-content\/uploads\/2024\/03\/AQUA-ESTROBOSCOPICO-LED-600x800.jpg",600,800,true],"woocommerce_gallery_thumbnail":["https:\/\/imsecuador.com\/wp-content\/uploads\/2024\/03\/AQUA-ESTROBOSCOPICO-LED-100x100.jpg",100,100,true]},"post_excerpt_stackable":"<h2>Detalles del producto<\/h2>\n<div class=\"product-details-col-wrapper\">\n<div class=\"product-details-col-1\">\n<p>Usando el LED de la m\u00e1s alta calidad disponible, el LED estrobosc\u00f3pico Aqua de Princeton Tec seguramente llamar\u00e1 la atenci\u00f3n, ya sea en su PFD o en su embarcaci\u00f3n.<\/p>\n<ul>\n<li>El LED Maxbright de Princeton Tec es extremadamente brillante y eficiente, emitiendo una luz blanca suave y potente \u00fatil para una amplia gama de tareas.<\/li>\n<li>El cono flotante mantiene la luz apuntando hacia arriba, ya sea bajo el agua o en la superficie, para una visibilidad de 360 grados.<\/li>\n<li>La operaci\u00f3n de giro simple y confiable activa esta luz alimentada por pilas AA y evita la activaci\u00f3n accidental. (Bater\u00eda incluida).<\/li>\n<li>La clasificaci\u00f3n de impermeabilidad de nivel 3 de Princeton Tec (equivalente a IPX8) garantiza la integridad a prueba de agua para una inmersi\u00f3n continua en agua a profundidades de hasta 100 metros.<\/li>\n<li>100 l\u00famenes de luz son visibles a m\u00e1s de una milla y tienen un tiempo de combusti\u00f3n de 12 horas.<\/li>\n<li>La correa de velcro incluida le permite sujetar el Aqua Strobe a su PFD, bote u otro equipo.<\/li>\n<\/ul>\n<\/div>\n<h3>Especificaciones<\/h3>\n<div id=\"compare\">\n<table>\n<tbody>\n<tr>\n<th>Categor\u00eda:<\/th>\n<td>\n<ul>\n<li>Estrobosc\u00f3pico<\/li>\n<\/ul>\n<\/td>\n<\/tr>\n<tr>\n<th>Dimensiones:<\/th>\n<td>5.5<\/td>\n<\/tr>\n<tr>\n<th>L\u00famenes:<\/th>\n<td>100<\/td>\n<\/tr>\n<tr>\n<th>Tipo de bombilla:<\/th>\n<td>1 luz estrobosc\u00f3pica LED Maxbright blanca<\/td>\n<\/tr>\n<tr>\n<th>Tiempo de grabaci\u00f3n en modo flash:<\/th>\n<td>12 horas<\/td>\n<\/tr>\n<tr>\n<th>Tipo de bater\u00eda:<\/th>\n<td>\n<ul>\n<li>1 &#8211; AA alcalino<\/li>\n<\/ul>\n<\/td>\n<\/tr>\n<tr>\n<th>Peso (sin pilas):<\/th>\n<td>86 g (3 onzas)<\/td>\n<\/tr>\n<tr>\n<th>Pilas incluidas:<\/th>\n<td>S\u00ed<\/td>\n<\/tr>\n<tr>\n<th>Incluye:<\/th>\n<td>\n<ul>\n<li>Correa de velcro<\/li>\n<li>Acollador<\/li>\n<\/ul>\n<\/td>\n<\/tr>\n<tr>\n<th>Funciones:<\/th>\n<td>\n<ul>\n<li>Resistente al agua hasta 100 m<\/li>\n<\/ul>\n<\/td>\n<\/tr>\n<\/tbody>\n<\/table>\n<\/div>\n<\/div>\n","category_list":"","author_info":{"name":"","url":""},"comments_num":"0 comentarios","_links":{"self":[{"href":"https:\/\/imsecuador.com\/index.php?rest_route=\/wp\/v2\/product\/1182"}],"collection":[{"href":"https:\/\/imsecuador.com\/index.php?rest_route=\/wp\/v2\/product"}],"about":[{"href":"https:\/\/imsecuador.com\/index.php?rest_route=\/wp\/v2\/types\/product"}],"wp:featuredmedia":[{"embeddable":true,"href":"https:\/\/imsecuador.com\/index.php?rest_route=\/wp\/v2\/media\/1183"}],"wp:attachment":[{"href":"https:\/\/imsecuador.com\/index.php?rest_route=%2Fwp%2Fv2%2Fmedia&parent=1182"}],"wp:term":[{"taxonomy":"product_cat","embeddable":true,"href":"https:\/\/imsecuador.com\/index.php?rest_route=%2Fwp%2Fv2%2Fproduct_cat&post=1182"},{"taxonomy":"product_tag","embeddable":true,"href":"https:\/\/imsecuador.com\/index.php?rest_route=%2Fwp%2Fv2%2Fproduct_tag&post=1182"}],"curies":[{"name":"wp","href":"https:\/\/api.w.org\/{rel}","templated":true}]}}