{"id":1180,"date":"2024-03-12T10:13:02","date_gmt":"2024-03-12T15:13:02","guid":{"rendered":"https:\/\/imsecuador.com\/?post_type=product&#038;p=1180"},"modified":"2024-03-12T10:13:50","modified_gmt":"2024-03-12T15:13:50","slug":"bolsa-de-rescate-de-cuerda-marca-nrs-nfpa","status":"publish","type":"product","link":"https:\/\/imsecuador.com\/?product=bolsa-de-rescate-de-cuerda-marca-nrs-nfpa","title":{"rendered":"BOLSA DE RESCATE DE CUERDA MARCA NRS NFPA"},"content":{"rendered":"<h2>Detalles del producto<\/h2>\n<div class=\"product-details-col-wrapper\">\n<div class=\"product-details-col-1\">La bolsa de rescate con cuerda NRS NFPA es la opci\u00f3n ideal para el profesional del rescate o cualquier navegante que busque una bolsa con cuerda extra fuerte que sea f\u00e1cil de agarrar y sujetar.<\/p>\n<ul>\n<li>La resistente bolsa de Cordura\u00ae es muy visible para facilitar su ubicaci\u00f3n en el agua.<\/li>\n<li>La cuerda Sterling Grabline de 3\/8&#8243; cuenta con la certificaci\u00f3n NFPA 1983,2012. Tiene una resistencia a la tracci\u00f3n de 3,282 lb y la funda tiene un patr\u00f3n elevado para una excelente capacidad de agarre.<\/li>\n<li>La cuerda flota para una buena visibilidad en el agua.<\/li>\n<li>El amplio panel de malla de la bolsa facilita el drenaje y reduce el tiempo de secado.<\/li>\n<li>Dos bandas reflectantes y una \u00abfunda\u00bb el\u00e1stica para una barra luminosa, o \u00abluz qu\u00edmica\u00bb, mejoran la visibilidad en rescates con poca luz.<\/li>\n<li>Se incorpora un cord\u00f3n de bloqueo de barril en una parte superior de nailon acampanado para lanzamientos m\u00e1s suaves, adem\u00e1s de una f\u00e1cil recarga y cierre.<\/li>\n<li>Las correas de 1&#8243; con hebilla de liberaci\u00f3n lateral aseguran el lazo de la cuerda superior y le permiten sujetar la bolsa a anillos en D, marcos de botes, etc.<\/li>\n<li>La flotaci\u00f3n interna de espuma mantiene la bolsa en la superficie del agua donde la necesita para el rescate.<\/li>\n<li>El lazo de agarre forrado de polietileno hace que sea muy r\u00e1pido y f\u00e1cil enganchar un mosquet\u00f3n.<\/li>\n<\/ul>\n<\/div>\n<h3>Especificaciones<\/h3>\n<div id=\"compare\">\n<table>\n<tbody>\n<tr>\n<th>Peso:<\/th>\n<td>2.7 libras.<\/td>\n<\/tr>\n<tr>\n<th>Longitud de la cuerda:<\/th>\n<td>75&#8242;<\/td>\n<\/tr>\n<tr>\n<th>Material de la cuerda:<\/th>\n<td>Grabline\u2122 de Sterling<\/td>\n<\/tr>\n<tr>\n<th>Di\u00e1metro de la cuerda:<\/th>\n<td>3\/8&#8243;<\/td>\n<\/tr>\n<tr>\n<th>Carga m\u00e1xima:<\/th>\n<td>14.6 kN (3282 libras)<\/td>\n<\/tr>\n<tr>\n<th>Funciones:<\/th>\n<td>\n<ul>\n<li>Cuerda certificada NFPA 1983,2012<\/li>\n<li>Bolsa con tapa de malla para un secado m\u00e1s r\u00e1pido<\/li>\n<li>Cinta reflectante en la bolsa de tiro<\/li>\n<li>Lazo de cincha para barra luminosa<\/li>\n<\/ul>\n<\/td>\n<\/tr>\n<\/tbody>\n<\/table>\n<\/div>\n<\/div>\n","protected":false},"excerpt":{"rendered":"<p>Detalles del producto La bolsa de rescate con cuerda NRS NFPA es la opci\u00f3n ideal para el profesional del rescate o cualquier navegante que busque una bolsa con cuerda extra fuerte que sea f\u00e1cil de agarrar y sujetar. La resistente bolsa de Cordura\u00ae es muy visible para facilitar su ubicaci\u00f3n en el agua. La cuerda [&hellip;]<\/p>\n","protected":false},"featured_media":1181,"template":"","meta":{"_joinchat":[]},"product_cat":[32],"product_tag":[],"featured_image_urls":{"full":["https:\/\/imsecuador.com\/wp-content\/uploads\/2024\/03\/BOLSA-DE-RESCATE-DE-CUERDA-MARCA-NRS-NFPA.jpg",800,1067,false],"thumbnail":["https:\/\/imsecuador.com\/wp-content\/uploads\/2024\/03\/BOLSA-DE-RESCATE-DE-CUERDA-MARCA-NRS-NFPA-150x150.jpg",150,150,true],"medium":["https:\/\/imsecuador.com\/wp-content\/uploads\/2024\/03\/BOLSA-DE-RESCATE-DE-CUERDA-MARCA-NRS-NFPA-225x300.jpg",225,300,true],"medium_large":["https:\/\/imsecuador.com\/wp-content\/uploads\/2024\/03\/BOLSA-DE-RESCATE-DE-CUERDA-MARCA-NRS-NFPA-768x1024.jpg",768,1024,true],"large":["https:\/\/imsecuador.com\/wp-content\/uploads\/2024\/03\/BOLSA-DE-RESCATE-DE-CUERDA-MARCA-NRS-NFPA-768x1024.jpg",768,1024,true],"1536x1536":["https:\/\/imsecuador.com\/wp-content\/uploads\/2024\/03\/BOLSA-DE-RESCATE-DE-CUERDA-MARCA-NRS-NFPA.jpg",800,1067,false],"2048x2048":["https:\/\/imsecuador.com\/wp-content\/uploads\/2024\/03\/BOLSA-DE-RESCATE-DE-CUERDA-MARCA-NRS-NFPA.jpg",800,1067,false],"woocommerce_archive_thumbnail":["https:\/\/imsecuador.com\/wp-content\/uploads\/2024\/03\/BOLSA-DE-RESCATE-DE-CUERDA-MARCA-NRS-NFPA-300x400.jpg",300,400,true],"woocommerce_thumbnail":["https:\/\/imsecuador.com\/wp-content\/uploads\/2024\/03\/BOLSA-DE-RESCATE-DE-CUERDA-MARCA-NRS-NFPA-300x300.jpg",300,300,true],"woocommerce_single":["https:\/\/imsecuador.com\/wp-content\/uploads\/2024\/03\/BOLSA-DE-RESCATE-DE-CUERDA-MARCA-NRS-NFPA-600x800.jpg",600,800,true],"woocommerce_gallery_thumbnail":["https:\/\/imsecuador.com\/wp-content\/uploads\/2024\/03\/BOLSA-DE-RESCATE-DE-CUERDA-MARCA-NRS-NFPA-100x100.jpg",100,100,true]},"post_excerpt_stackable":"<p>Detalles del producto La bolsa de rescate con cuerda NRS NFPA es la opci\u00f3n ideal para el profesional del rescate o cualquier navegante que busque una bolsa con cuerda extra fuerte que sea f\u00e1cil de agarrar y sujetar. La resistente bolsa de Cordura\u00ae es muy visible para facilitar su ubicaci\u00f3n en el agua. La cuerda Sterling Grabline de 3\/8&#8243; cuenta con la certificaci\u00f3n NFPA 1983,2012. Tiene una resistencia a la tracci\u00f3n de 3,282 lb y la funda tiene un patr\u00f3n elevado para una excelente capacidad de agarre. La cuerda flota para una buena visibilidad en el agua. El amplio panel&hellip;<\/p>\n","category_list":"","author_info":{"name":"","url":""},"comments_num":"0 comentarios","_links":{"self":[{"href":"https:\/\/imsecuador.com\/index.php?rest_route=\/wp\/v2\/product\/1180"}],"collection":[{"href":"https:\/\/imsecuador.com\/index.php?rest_route=\/wp\/v2\/product"}],"about":[{"href":"https:\/\/imsecuador.com\/index.php?rest_route=\/wp\/v2\/types\/product"}],"wp:featuredmedia":[{"embeddable":true,"href":"https:\/\/imsecuador.com\/index.php?rest_route=\/wp\/v2\/media\/1181"}],"wp:attachment":[{"href":"https:\/\/imsecuador.com\/index.php?rest_route=%2Fwp%2Fv2%2Fmedia&parent=1180"}],"wp:term":[{"taxonomy":"product_cat","embeddable":true,"href":"https:\/\/imsecuador.com\/index.php?rest_route=%2Fwp%2Fv2%2Fproduct_cat&post=1180"},{"taxonomy":"product_tag","embeddable":true,"href":"https:\/\/imsecuador.com\/index.php?rest_route=%2Fwp%2Fv2%2Fproduct_tag&post=1180"}],"curies":[{"name":"wp","href":"https:\/\/api.w.org\/{rel}","templated":true}]}}