{"id":1161,"date":"2024-03-11T22:54:51","date_gmt":"2024-03-12T03:54:51","guid":{"rendered":"https:\/\/imsecuador.com\/?post_type=product&#038;p=1161"},"modified":"2024-03-11T22:54:52","modified_gmt":"2024-03-12T03:54:52","slug":"aceite-sintetico-para-compresores-oil-0024-gal-oem-bauer","status":"publish","type":"product","link":"https:\/\/imsecuador.com\/?product=aceite-sintetico-para-compresores-oil-0024-gal-oem-bauer","title":{"rendered":"ACEITE SINT\u00c9TICO PARA COMPRESORES OIL-0024\/GAL OEM BAUER"},"content":{"rendered":"<h2>OIL-0024 ACEITE PARA COMPRESORES BAUER (Sint\u00e9tico) Se Utiliza Para Compresores Bauer.<\/h2>\n<p>Bauer Compressor OIL-0024 El aceite para compresores (sint\u00e9tico) est\u00e1 dise\u00f1ado y fabricado para Compresores de aire respirable de funcionamiento continuo y aire industrial Compresores.<\/p>\n","protected":false},"excerpt":{"rendered":"<p>OIL-0024 ACEITE PARA COMPRESORES BAUER (Sint\u00e9tico) Se Utiliza Para Compresores Bauer. Bauer Compressor OIL-0024 El aceite para compresores (sint\u00e9tico) est\u00e1 dise\u00f1ado y fabricado para Compresores de aire respirable de funcionamiento continuo y aire industrial Compresores.<\/p>\n","protected":false},"featured_media":1162,"template":"","meta":{"_joinchat":[]},"product_cat":[32],"product_tag":[],"featured_image_urls":{"full":["https:\/\/imsecuador.com\/wp-content\/uploads\/2024\/03\/ACEITE-SINTETICO-PARA-COMPRESORES-OIL-0024_GAL-OEM-BAUER.jpg",800,1067,false],"thumbnail":["https:\/\/imsecuador.com\/wp-content\/uploads\/2024\/03\/ACEITE-SINTETICO-PARA-COMPRESORES-OIL-0024_GAL-OEM-BAUER-150x150.jpg",150,150,true],"medium":["https:\/\/imsecuador.com\/wp-content\/uploads\/2024\/03\/ACEITE-SINTETICO-PARA-COMPRESORES-OIL-0024_GAL-OEM-BAUER-225x300.jpg",225,300,true],"medium_large":["https:\/\/imsecuador.com\/wp-content\/uploads\/2024\/03\/ACEITE-SINTETICO-PARA-COMPRESORES-OIL-0024_GAL-OEM-BAUER-768x1024.jpg",768,1024,true],"large":["https:\/\/imsecuador.com\/wp-content\/uploads\/2024\/03\/ACEITE-SINTETICO-PARA-COMPRESORES-OIL-0024_GAL-OEM-BAUER-768x1024.jpg",768,1024,true],"1536x1536":["https:\/\/imsecuador.com\/wp-content\/uploads\/2024\/03\/ACEITE-SINTETICO-PARA-COMPRESORES-OIL-0024_GAL-OEM-BAUER.jpg",800,1067,false],"2048x2048":["https:\/\/imsecuador.com\/wp-content\/uploads\/2024\/03\/ACEITE-SINTETICO-PARA-COMPRESORES-OIL-0024_GAL-OEM-BAUER.jpg",800,1067,false],"woocommerce_archive_thumbnail":["https:\/\/imsecuador.com\/wp-content\/uploads\/2024\/03\/ACEITE-SINTETICO-PARA-COMPRESORES-OIL-0024_GAL-OEM-BAUER-300x400.jpg",300,400,true],"woocommerce_thumbnail":["https:\/\/imsecuador.com\/wp-content\/uploads\/2024\/03\/ACEITE-SINTETICO-PARA-COMPRESORES-OIL-0024_GAL-OEM-BAUER-300x300.jpg",300,300,true],"woocommerce_single":["https:\/\/imsecuador.com\/wp-content\/uploads\/2024\/03\/ACEITE-SINTETICO-PARA-COMPRESORES-OIL-0024_GAL-OEM-BAUER-600x800.jpg",600,800,true],"woocommerce_gallery_thumbnail":["https:\/\/imsecuador.com\/wp-content\/uploads\/2024\/03\/ACEITE-SINTETICO-PARA-COMPRESORES-OIL-0024_GAL-OEM-BAUER-100x100.jpg",100,100,true]},"post_excerpt_stackable":"<p>OIL-0024 ACEITE PARA COMPRESORES BAUER (Sint\u00e9tico) Se Utiliza Para Compresores Bauer. Bauer Compressor OIL-0024 El aceite para compresores (sint\u00e9tico) est\u00e1 dise\u00f1ado y fabricado para Compresores de aire respirable de funcionamiento continuo y aire industrial Compresores.<\/p>\n","category_list":"","author_info":{"name":"","url":""},"comments_num":"0 comentarios","_links":{"self":[{"href":"https:\/\/imsecuador.com\/index.php?rest_route=\/wp\/v2\/product\/1161"}],"collection":[{"href":"https:\/\/imsecuador.com\/index.php?rest_route=\/wp\/v2\/product"}],"about":[{"href":"https:\/\/imsecuador.com\/index.php?rest_route=\/wp\/v2\/types\/product"}],"wp:featuredmedia":[{"embeddable":true,"href":"https:\/\/imsecuador.com\/index.php?rest_route=\/wp\/v2\/media\/1162"}],"wp:attachment":[{"href":"https:\/\/imsecuador.com\/index.php?rest_route=%2Fwp%2Fv2%2Fmedia&parent=1161"}],"wp:term":[{"taxonomy":"product_cat","embeddable":true,"href":"https:\/\/imsecuador.com\/index.php?rest_route=%2Fwp%2Fv2%2Fproduct_cat&post=1161"},{"taxonomy":"product_tag","embeddable":true,"href":"https:\/\/imsecuador.com\/index.php?rest_route=%2Fwp%2Fv2%2Fproduct_tag&post=1161"}],"curies":[{"name":"wp","href":"https:\/\/api.w.org\/{rel}","templated":true}]}}