{"id":1146,"date":"2024-03-10T14:31:36","date_gmt":"2024-03-10T19:31:36","guid":{"rendered":"https:\/\/imsecuador.com\/?post_type=product&#038;p=1146"},"modified":"2024-03-10T14:32:12","modified_gmt":"2024-03-10T19:32:12","slug":"luz-de-aro-salvavidas-lalizas-uscg-solas-med-atex-y-iecex-p-n-71326","status":"publish","type":"product","link":"https:\/\/imsecuador.com\/?product=luz-de-aro-salvavidas-lalizas-uscg-solas-med-atex-y-iecex-p-n-71326","title":{"rendered":"LUZ DE ARO SALVAVIDAS LALIZAS USCG, SOLAS, MED-ATEX y IECEX  P\/N 71326"},"content":{"rendered":"<p class=\"name\">Luz de aro salvavidas LALIZAS USCG\/SOLAS\/MED-ATEX\/IECEx<\/p>\n<div class=\"small_desc\">\n<p>LALIZAS Lifebuoy Light utiliza luz intermitente con tecnolog\u00eda LED y est\u00e1 dise\u00f1ada para soportar los rigores m\u00e1s duros de los sectores comercial y offshore. Es completamente herm\u00e9tico con una estructura<br \/>\ncompacta y est\u00e1 dise\u00f1ado para ser a prueba de manipulaciones, resistente a la corrosi\u00f3n y para ofrecer, como est\u00e1ndar m\u00ednimo, una salida omnidireccional de m\u00e1s de 2cd durante al menos 2 horas. Est\u00e1 dise\u00f1ado espec\u00edficamente para ser altamente resistente a<br \/>\nda\u00f1os accidentales a bordo. Cumple con todas las aprobaciones SOLAS y EC MED, tambi\u00e9n est\u00e1 aprobado seg\u00fan las normas ATEX e IECEx, lo que lo convierte en la \u00fanica opci\u00f3n para instalaciones peligrosas como plataformas petrol\u00edferas<br \/>\nen alta mar, gaseros y petroleros (para uso en zonas peligrosas 0, 1 y 2).<\/p>\n<p><u>Especificaci\u00f3n:<\/u><\/p>\n<p>\u2022 Aprobado<br \/>\npor SOLAS\/MED\/USCG \u2022 Aprobaciones ATEX e IECEx de seguridad intr\u00ednseca<br \/>\n\u2022 Intr\u00ednsecamente seguro, para su uso en todas las zonas<br \/>\npotencialmente explosivas \u2022 Vida \u00fatil<br \/>\nde cinco a\u00f1os \u2022 No requiere<br \/>\nmantenimiento ni bater\u00edas de repuesto \u2022 Se suministra completo con soporte y eslinga de aro salvavidas de 1 m<br \/>\n\u2022 Tama\u00f1o<br \/>\ncompacto \u2022 Soporte de montaje con f\u00e1cil instalaci\u00f3n en todas las ubicaciones<br \/>\n\u2022 Tecnolog\u00eda LED avanzada para un bajo consumo y una mayor fiabilidad<\/p>\n<\/div>\n","protected":false},"excerpt":{"rendered":"<p>Luz de aro salvavidas LALIZAS USCG\/SOLAS\/MED-ATEX\/IECEx LALIZAS Lifebuoy Light utiliza luz intermitente con tecnolog\u00eda LED y est\u00e1 dise\u00f1ada para soportar los rigores m\u00e1s duros de los sectores comercial y offshore. Es completamente herm\u00e9tico con una estructura compacta y est\u00e1 dise\u00f1ado para ser a prueba de manipulaciones, resistente a la corrosi\u00f3n y para ofrecer, como est\u00e1ndar [&hellip;]<\/p>\n","protected":false},"featured_media":1147,"template":"","meta":{"_joinchat":[]},"product_cat":[32],"product_tag":[],"featured_image_urls":{"full":["https:\/\/imsecuador.com\/wp-content\/uploads\/2024\/03\/Luz-de-aro-salvavidas-LALIZAS-USCG_SOLAS_MED-ATEX_IECEx-P_N-71326.jpg",800,1067,false],"thumbnail":["https:\/\/imsecuador.com\/wp-content\/uploads\/2024\/03\/Luz-de-aro-salvavidas-LALIZAS-USCG_SOLAS_MED-ATEX_IECEx-P_N-71326-150x150.jpg",150,150,true],"medium":["https:\/\/imsecuador.com\/wp-content\/uploads\/2024\/03\/Luz-de-aro-salvavidas-LALIZAS-USCG_SOLAS_MED-ATEX_IECEx-P_N-71326-225x300.jpg",225,300,true],"medium_large":["https:\/\/imsecuador.com\/wp-content\/uploads\/2024\/03\/Luz-de-aro-salvavidas-LALIZAS-USCG_SOLAS_MED-ATEX_IECEx-P_N-71326-768x1024.jpg",768,1024,true],"large":["https:\/\/imsecuador.com\/wp-content\/uploads\/2024\/03\/Luz-de-aro-salvavidas-LALIZAS-USCG_SOLAS_MED-ATEX_IECEx-P_N-71326-768x1024.jpg",768,1024,true],"1536x1536":["https:\/\/imsecuador.com\/wp-content\/uploads\/2024\/03\/Luz-de-aro-salvavidas-LALIZAS-USCG_SOLAS_MED-ATEX_IECEx-P_N-71326.jpg",800,1067,false],"2048x2048":["https:\/\/imsecuador.com\/wp-content\/uploads\/2024\/03\/Luz-de-aro-salvavidas-LALIZAS-USCG_SOLAS_MED-ATEX_IECEx-P_N-71326.jpg",800,1067,false],"woocommerce_archive_thumbnail":["https:\/\/imsecuador.com\/wp-content\/uploads\/2024\/03\/Luz-de-aro-salvavidas-LALIZAS-USCG_SOLAS_MED-ATEX_IECEx-P_N-71326-300x400.jpg",300,400,true],"woocommerce_thumbnail":["https:\/\/imsecuador.com\/wp-content\/uploads\/2024\/03\/Luz-de-aro-salvavidas-LALIZAS-USCG_SOLAS_MED-ATEX_IECEx-P_N-71326-300x300.jpg",300,300,true],"woocommerce_single":["https:\/\/imsecuador.com\/wp-content\/uploads\/2024\/03\/Luz-de-aro-salvavidas-LALIZAS-USCG_SOLAS_MED-ATEX_IECEx-P_N-71326-600x800.jpg",600,800,true],"woocommerce_gallery_thumbnail":["https:\/\/imsecuador.com\/wp-content\/uploads\/2024\/03\/Luz-de-aro-salvavidas-LALIZAS-USCG_SOLAS_MED-ATEX_IECEx-P_N-71326-100x100.jpg",100,100,true]},"post_excerpt_stackable":"<p>Luz de aro salvavidas LALIZAS USCG\/SOLAS\/MED-ATEX\/IECEx LALIZAS Lifebuoy Light utiliza luz intermitente con tecnolog\u00eda LED y est\u00e1 dise\u00f1ada para soportar los rigores m\u00e1s duros de los sectores comercial y offshore. Es completamente herm\u00e9tico con una estructura compacta y est\u00e1 dise\u00f1ado para ser a prueba de manipulaciones, resistente a la corrosi\u00f3n y para ofrecer, como est\u00e1ndar m\u00ednimo, una salida omnidireccional de m\u00e1s de 2cd durante al menos 2 horas. Est\u00e1 dise\u00f1ado espec\u00edficamente para ser altamente resistente a da\u00f1os accidentales a bordo. Cumple con todas las aprobaciones SOLAS y EC MED, tambi\u00e9n est\u00e1 aprobado seg\u00fan las normas ATEX e IECEx, lo que&hellip;<\/p>\n","category_list":"","author_info":{"name":"","url":""},"comments_num":"0 comentarios","_links":{"self":[{"href":"https:\/\/imsecuador.com\/index.php?rest_route=\/wp\/v2\/product\/1146"}],"collection":[{"href":"https:\/\/imsecuador.com\/index.php?rest_route=\/wp\/v2\/product"}],"about":[{"href":"https:\/\/imsecuador.com\/index.php?rest_route=\/wp\/v2\/types\/product"}],"wp:featuredmedia":[{"embeddable":true,"href":"https:\/\/imsecuador.com\/index.php?rest_route=\/wp\/v2\/media\/1147"}],"wp:attachment":[{"href":"https:\/\/imsecuador.com\/index.php?rest_route=%2Fwp%2Fv2%2Fmedia&parent=1146"}],"wp:term":[{"taxonomy":"product_cat","embeddable":true,"href":"https:\/\/imsecuador.com\/index.php?rest_route=%2Fwp%2Fv2%2Fproduct_cat&post=1146"},{"taxonomy":"product_tag","embeddable":true,"href":"https:\/\/imsecuador.com\/index.php?rest_route=%2Fwp%2Fv2%2Fproduct_tag&post=1146"}],"curies":[{"name":"wp","href":"https:\/\/api.w.org\/{rel}","templated":true}]}}