{"id":1142,"date":"2024-03-10T14:10:15","date_gmt":"2024-03-10T19:10:15","guid":{"rendered":"https:\/\/imsecuador.com\/?post_type=product&#038;p=1142"},"modified":"2024-03-10T14:19:27","modified_gmt":"2024-03-10T19:19:27","slug":"luz-de-aro-salvavidas-lalizas-solas_med-uscg-p_n-71325","status":"publish","type":"product","link":"https:\/\/imsecuador.com\/?product=luz-de-aro-salvavidas-lalizas-solas_med-uscg-p_n-71325","title":{"rendered":"Luz de aro salvavidas LALIZAS SOLAS_MED, USCG P_N 71325"},"content":{"rendered":"<p><span lang=\"EN-US\">LALIZAS Lifebuoy Light utiliza luz intermitente con tecnolog\u00eda LED y est\u00e1 dise\u00f1ada para soportar los rigores m\u00e1s duros de los sectores comercial y offshore. Es completamente herm\u00e9tico con una estructura<br \/>\ncompacta y est\u00e1 dise\u00f1ado para ser a prueba de manipulaciones, resistente a la corrosi\u00f3n y para ofrecer, como est\u00e1ndar m\u00ednimo, una salida omnidireccional de m\u00e1s de 2cd durante al menos 2 horas.<\/span><\/p>\n<p>Especificaciones:<\/p>\n<p>\u2022 Aprobado<br \/>\npor SOLAS\/MED\/USCG \u2022 Vida \u00fatil<br \/>\nde cinco a\u00f1os \u2022 No requiere<br \/>\nmantenimiento ni bater\u00edas de reemplazo \u2022 Se suministra completo con soporte y cord\u00f3n salvavidas de 1 m<br \/>\n\u2022 Tama\u00f1o<br \/>\ncompacto \u2022 Soporte de montaje con f\u00e1cil instalaci\u00f3n en todas las ubicaciones<br \/>\n\u2022 Tecnolog\u00eda LED avanzada para un bajo consumo y una mayor confiabilidad<\/p>\n","protected":false},"excerpt":{"rendered":"<p>LALIZAS Lifebuoy Light utiliza luz intermitente con tecnolog\u00eda LED y est\u00e1 dise\u00f1ada para soportar los rigores m\u00e1s duros de los sectores comercial y offshore. Es completamente herm\u00e9tico con una estructura compacta y est\u00e1 dise\u00f1ado para ser a prueba de manipulaciones, resistente a la corrosi\u00f3n y para ofrecer, como est\u00e1ndar m\u00ednimo, una salida omnidireccional de m\u00e1s [&hellip;]<\/p>\n","protected":false},"featured_media":1143,"template":"","meta":{"_joinchat":[]},"product_cat":[32],"product_tag":[],"featured_image_urls":{"full":["https:\/\/imsecuador.com\/wp-content\/uploads\/2024\/03\/Luz-de-aro-salvavidas-LALIZAS-SOLAS_MED-USCG-P_N-71325.jpg",800,1067,false],"thumbnail":["https:\/\/imsecuador.com\/wp-content\/uploads\/2024\/03\/Luz-de-aro-salvavidas-LALIZAS-SOLAS_MED-USCG-P_N-71325-150x150.jpg",150,150,true],"medium":["https:\/\/imsecuador.com\/wp-content\/uploads\/2024\/03\/Luz-de-aro-salvavidas-LALIZAS-SOLAS_MED-USCG-P_N-71325-225x300.jpg",225,300,true],"medium_large":["https:\/\/imsecuador.com\/wp-content\/uploads\/2024\/03\/Luz-de-aro-salvavidas-LALIZAS-SOLAS_MED-USCG-P_N-71325-768x1024.jpg",768,1024,true],"large":["https:\/\/imsecuador.com\/wp-content\/uploads\/2024\/03\/Luz-de-aro-salvavidas-LALIZAS-SOLAS_MED-USCG-P_N-71325-768x1024.jpg",768,1024,true],"1536x1536":["https:\/\/imsecuador.com\/wp-content\/uploads\/2024\/03\/Luz-de-aro-salvavidas-LALIZAS-SOLAS_MED-USCG-P_N-71325.jpg",800,1067,false],"2048x2048":["https:\/\/imsecuador.com\/wp-content\/uploads\/2024\/03\/Luz-de-aro-salvavidas-LALIZAS-SOLAS_MED-USCG-P_N-71325.jpg",800,1067,false],"woocommerce_archive_thumbnail":["https:\/\/imsecuador.com\/wp-content\/uploads\/2024\/03\/Luz-de-aro-salvavidas-LALIZAS-SOLAS_MED-USCG-P_N-71325-300x400.jpg",300,400,true],"woocommerce_thumbnail":["https:\/\/imsecuador.com\/wp-content\/uploads\/2024\/03\/Luz-de-aro-salvavidas-LALIZAS-SOLAS_MED-USCG-P_N-71325-300x300.jpg",300,300,true],"woocommerce_single":["https:\/\/imsecuador.com\/wp-content\/uploads\/2024\/03\/Luz-de-aro-salvavidas-LALIZAS-SOLAS_MED-USCG-P_N-71325-600x800.jpg",600,800,true],"woocommerce_gallery_thumbnail":["https:\/\/imsecuador.com\/wp-content\/uploads\/2024\/03\/Luz-de-aro-salvavidas-LALIZAS-SOLAS_MED-USCG-P_N-71325-100x100.jpg",100,100,true]},"post_excerpt_stackable":"<p>LALIZAS Lifebuoy Light utiliza luz intermitente con tecnolog\u00eda LED y est\u00e1 dise\u00f1ada para soportar los rigores m\u00e1s duros de los sectores comercial y offshore. Es completamente herm\u00e9tico con una estructura compacta y est\u00e1 dise\u00f1ado para ser a prueba de manipulaciones, resistente a la corrosi\u00f3n y para ofrecer, como est\u00e1ndar m\u00ednimo, una salida omnidireccional de m\u00e1s de 2cd durante al menos 2 horas. Especificaciones: \u2022 Aprobado por SOLAS\/MED\/USCG \u2022 Vida \u00fatil de cinco a\u00f1os \u2022 No requiere mantenimiento ni bater\u00edas de reemplazo \u2022 Se suministra completo con soporte y cord\u00f3n salvavidas de 1 m \u2022 Tama\u00f1o compacto \u2022 Soporte de montaje&hellip;<\/p>\n","category_list":"","author_info":{"name":"","url":""},"comments_num":"0 comentarios","_links":{"self":[{"href":"https:\/\/imsecuador.com\/index.php?rest_route=\/wp\/v2\/product\/1142"}],"collection":[{"href":"https:\/\/imsecuador.com\/index.php?rest_route=\/wp\/v2\/product"}],"about":[{"href":"https:\/\/imsecuador.com\/index.php?rest_route=\/wp\/v2\/types\/product"}],"wp:featuredmedia":[{"embeddable":true,"href":"https:\/\/imsecuador.com\/index.php?rest_route=\/wp\/v2\/media\/1143"}],"wp:attachment":[{"href":"https:\/\/imsecuador.com\/index.php?rest_route=%2Fwp%2Fv2%2Fmedia&parent=1142"}],"wp:term":[{"taxonomy":"product_cat","embeddable":true,"href":"https:\/\/imsecuador.com\/index.php?rest_route=%2Fwp%2Fv2%2Fproduct_cat&post=1142"},{"taxonomy":"product_tag","embeddable":true,"href":"https:\/\/imsecuador.com\/index.php?rest_route=%2Fwp%2Fv2%2Fproduct_tag&post=1142"}],"curies":[{"name":"wp","href":"https:\/\/api.w.org\/{rel}","templated":true}]}}