{"id":1071,"date":"2024-01-29T10:35:47","date_gmt":"2024-01-29T15:35:47","guid":{"rendered":"https:\/\/imsecuador.com\/?post_type=product&#038;p=1071"},"modified":"2025-03-09T01:35:23","modified_gmt":"2025-03-09T06:35:23","slug":"compas-punta-seca-con-lapiz-de-8","status":"publish","type":"product","link":"https:\/\/imsecuador.com\/?product=compas-punta-seca-con-lapiz-de-8","title":{"rendered":"COMPAS PUNTA SECA CON LAPIZ DE 8&#8243;"},"content":{"rendered":"<ul>\n<li>8-1\/4 pulgadas (20.96 cm) de largo<\/li>\n<li>Dibuja c\u00edrculos de hasta 24 pulgadas (61 cm)<\/li>\n<li>Lat\u00f3n macizo con punta de acero inoxidable en \u00e1ngulo<\/li>\n<li>Soporte de l\u00e1piz pivotante ajustable<\/li>\n<li>Incluye l\u00e1piz<\/li>\n<li>Garant\u00eda de por vida<\/li>\n<\/ul>\n","protected":false},"excerpt":{"rendered":"<p>8-1\/4 pulgadas (20.96 cm) de largo Dibuja c\u00edrculos de hasta 24 pulgadas (61 cm) Lat\u00f3n macizo con punta de acero inoxidable en \u00e1ngulo Soporte de l\u00e1piz pivotante ajustable Incluye l\u00e1piz Garant\u00eda de por vida<\/p>\n","protected":false},"featured_media":1284,"template":"","meta":{"_joinchat":[]},"product_cat":[33],"product_tag":[],"featured_image_urls":{"full":["https:\/\/imsecuador.com\/wp-content\/uploads\/2024\/01\/ARNA-0010.jpg",800,1067,false],"thumbnail":["https:\/\/imsecuador.com\/wp-content\/uploads\/2024\/01\/ARNA-0010-150x150.jpg",150,150,true],"medium":["https:\/\/imsecuador.com\/wp-content\/uploads\/2024\/01\/ARNA-0010-225x300.jpg",225,300,true],"medium_large":["https:\/\/imsecuador.com\/wp-content\/uploads\/2024\/01\/ARNA-0010-768x1024.jpg",768,1024,true],"large":["https:\/\/imsecuador.com\/wp-content\/uploads\/2024\/01\/ARNA-0010-768x1024.jpg",768,1024,true],"1536x1536":["https:\/\/imsecuador.com\/wp-content\/uploads\/2024\/01\/ARNA-0010.jpg",800,1067,false],"2048x2048":["https:\/\/imsecuador.com\/wp-content\/uploads\/2024\/01\/ARNA-0010.jpg",800,1067,false],"woocommerce_archive_thumbnail":["https:\/\/imsecuador.com\/wp-content\/uploads\/2024\/01\/ARNA-0010-300x400.jpg",300,400,true],"woocommerce_thumbnail":["https:\/\/imsecuador.com\/wp-content\/uploads\/2024\/01\/ARNA-0010-300x300.jpg",300,300,true],"woocommerce_single":["https:\/\/imsecuador.com\/wp-content\/uploads\/2024\/01\/ARNA-0010-600x800.jpg",600,800,true],"woocommerce_gallery_thumbnail":["https:\/\/imsecuador.com\/wp-content\/uploads\/2024\/01\/ARNA-0010-100x100.jpg",100,100,true]},"post_excerpt_stackable":"<p>8-1\/4 pulgadas (20.96 cm) de largo Dibuja c\u00edrculos de hasta 24 pulgadas (61 cm) Lat\u00f3n macizo con punta de acero inoxidable en \u00e1ngulo Soporte de l\u00e1piz pivotante ajustable Incluye l\u00e1piz Garant\u00eda de por vida<\/p>\n","category_list":"","author_info":{"name":"","url":""},"comments_num":"0 comentarios","_links":{"self":[{"href":"https:\/\/imsecuador.com\/index.php?rest_route=\/wp\/v2\/product\/1071"}],"collection":[{"href":"https:\/\/imsecuador.com\/index.php?rest_route=\/wp\/v2\/product"}],"about":[{"href":"https:\/\/imsecuador.com\/index.php?rest_route=\/wp\/v2\/types\/product"}],"wp:featuredmedia":[{"embeddable":true,"href":"https:\/\/imsecuador.com\/index.php?rest_route=\/wp\/v2\/media\/1284"}],"wp:attachment":[{"href":"https:\/\/imsecuador.com\/index.php?rest_route=%2Fwp%2Fv2%2Fmedia&parent=1071"}],"wp:term":[{"taxonomy":"product_cat","embeddable":true,"href":"https:\/\/imsecuador.com\/index.php?rest_route=%2Fwp%2Fv2%2Fproduct_cat&post=1071"},{"taxonomy":"product_tag","embeddable":true,"href":"https:\/\/imsecuador.com\/index.php?rest_route=%2Fwp%2Fv2%2Fproduct_tag&post=1071"}],"curies":[{"name":"wp","href":"https:\/\/api.w.org\/{rel}","templated":true}]}}